{"id":76,"date":"2023-02-23T16:55:39","date_gmt":"2023-02-23T15:55:39","guid":{"rendered":"https:\/\/www.europacaorle.it\/?page_id=76"},"modified":"2026-02-25T15:46:09","modified_gmt":"2026-02-25T14:46:09","slug":"biciclette-hotel-caorle","status":"publish","type":"page","link":"https:\/\/www.europacaorle.it\/it\/biciclette-hotel-caorle\/","title":{"rendered":"Biciclette"},"content":{"rendered":"\n<p>Hotel Europa mette a disposizione di tutti i suoi ospiti delle comode city bike da utilizzare durante il soggiorno. Inoltre per chi fosse interessato, biciclette a pedalata assistita e risci\u00f2 possono essere noleggiati ad un prezzo convenzionato presso il noleggio bici a 200 mt dall&#8217;hotel.<\/p>\n\n\n\n<p>Caorle \u00e8 una localit\u00e0 perfetta per girare in bicicletta. Oltre a visitarla comodamente attraverso il suo centro storico e le sue viuzze, puoi scegliere tra diversi percorsi cicloturistici su strade sterrate, piste ciclabili, argini e campagna.<\/p>\n\n\n\n<p><\/p>\n","protected":false},"excerpt":{"rendered":"<p>Hotel Europa mette a disposizione di tutti i suoi ospiti delle comode city bike da utilizzare durante il soggiorno. Inoltre per chi fosse interessato, biciclette a pedalata assistita e risci\u00f2 possono essere noleggiati ad un prezzo convenzionato presso il noleggio bici a 200 mt dall&#8217;hotel. Caorle \u00e8 una localit\u00e0 perfetta per girare in bicicletta. Oltre [&hellip;]<\/p>\n","protected":false},"author":1,"featured_media":0,"parent":0,"menu_order":18,"comment_status":"closed","ping_status":"closed","template":"","meta":{"_acf_changed":false,"footnotes":""},"class_list":["post-76","page","type-page","status-publish","hentry"],"acf":[],"yoast_head":"<!-- This site is optimized with the Yoast SEO plugin v27.0 - https:\/\/yoast.com\/product\/yoast-seo-wordpress\/ -->\n<title>Biciclette - Hotel Europa<\/title>\n<meta name=\"robots\" content=\"index, follow, max-snippet:-1, max-image-preview:large, max-video-preview:-1\" \/>\n<link rel=\"canonical\" href=\"https:\/\/www.europacaorle.it\/it\/biciclette-hotel-caorle\/\" \/>\n<meta property=\"og:locale\" content=\"it_IT\" \/>\n<meta property=\"og:type\" content=\"article\" \/>\n<meta property=\"og:title\" content=\"Biciclette - Hotel Europa\" \/>\n<meta property=\"og:description\" content=\"Hotel Europa mette a disposizione di tutti i suoi ospiti delle comode city bike da utilizzare durante il soggiorno. Inoltre per chi fosse interessato, biciclette a pedalata assistita e risci\u00f2 possono essere noleggiati ad un prezzo convenzionato presso il noleggio bici a 200 mt dall&#8217;hotel. Caorle \u00e8 una localit\u00e0 perfetta per girare in bicicletta. Oltre [&hellip;]\" \/>\n<meta property=\"og:url\" content=\"https:\/\/www.europacaorle.it\/it\/biciclette-hotel-caorle\/\" \/>\n<meta property=\"og:site_name\" content=\"Hotel Europa\" \/>\n<meta property=\"article:modified_time\" content=\"2026-02-25T14:46:09+00:00\" \/>\n<meta name=\"twitter:card\" content=\"summary_large_image\" \/>\n<meta name=\"twitter:label1\" content=\"Tempo di lettura stimato\" \/>\n\t<meta name=\"twitter:data1\" content=\"1 minuto\" \/>\n<script type=\"application\/ld+json\" class=\"yoast-schema-graph\">{\"@context\":\"https:\/\/schema.org\",\"@graph\":[{\"@type\":\"WebPage\",\"@id\":\"https:\/\/www.europacaorle.it\/it\/biciclette-hotel-caorle\/\",\"url\":\"https:\/\/www.europacaorle.it\/it\/biciclette-hotel-caorle\/\",\"name\":\"Biciclette - Hotel Europa\",\"isPartOf\":{\"@id\":\"https:\/\/www.europacaorle.it\/it\/#website\"},\"datePublished\":\"2023-02-23T15:55:39+00:00\",\"dateModified\":\"2026-02-25T14:46:09+00:00\",\"breadcrumb\":{\"@id\":\"https:\/\/www.europacaorle.it\/it\/biciclette-hotel-caorle\/#breadcrumb\"},\"inLanguage\":\"it-IT\",\"potentialAction\":[{\"@type\":\"ReadAction\",\"target\":[\"https:\/\/www.europacaorle.it\/it\/biciclette-hotel-caorle\/\"]}]},{\"@type\":\"BreadcrumbList\",\"@id\":\"https:\/\/www.europacaorle.it\/it\/biciclette-hotel-caorle\/#breadcrumb\",\"itemListElement\":[{\"@type\":\"ListItem\",\"position\":1,\"name\":\"Home\",\"item\":\"https:\/\/www.europacaorle.it\/it\/\"},{\"@type\":\"ListItem\",\"position\":2,\"name\":\"Biciclette\"}]},{\"@type\":\"WebSite\",\"@id\":\"https:\/\/www.europacaorle.it\/it\/#website\",\"url\":\"https:\/\/www.europacaorle.it\/it\/\",\"name\":\"Hotel Europa\",\"description\":\"Relax direttamente sulla spiaggia\",\"potentialAction\":[{\"@type\":\"SearchAction\",\"target\":{\"@type\":\"EntryPoint\",\"urlTemplate\":\"https:\/\/www.europacaorle.it\/it\/?s={search_term_string}\"},\"query-input\":{\"@type\":\"PropertyValueSpecification\",\"valueRequired\":true,\"valueName\":\"search_term_string\"}}],\"inLanguage\":\"it-IT\"}]}<\/script>\n<!-- \/ Yoast SEO plugin. -->","yoast_head_json":{"title":"Biciclette - Hotel Europa","robots":{"index":"index","follow":"follow","max-snippet":"max-snippet:-1","max-image-preview":"max-image-preview:large","max-video-preview":"max-video-preview:-1"},"canonical":"https:\/\/www.europacaorle.it\/it\/biciclette-hotel-caorle\/","og_locale":"it_IT","og_type":"article","og_title":"Biciclette - Hotel Europa","og_description":"Hotel Europa mette a disposizione di tutti i suoi ospiti delle comode city bike da utilizzare durante il soggiorno. Inoltre per chi fosse interessato, biciclette a pedalata assistita e risci\u00f2 possono essere noleggiati ad un prezzo convenzionato presso il noleggio bici a 200 mt dall&#8217;hotel. Caorle \u00e8 una localit\u00e0 perfetta per girare in bicicletta. Oltre [&hellip;]","og_url":"https:\/\/www.europacaorle.it\/it\/biciclette-hotel-caorle\/","og_site_name":"Hotel Europa","article_modified_time":"2026-02-25T14:46:09+00:00","twitter_card":"summary_large_image","twitter_misc":{"Tempo di lettura stimato":"1 minuto"},"schema":{"@context":"https:\/\/schema.org","@graph":[{"@type":"WebPage","@id":"https:\/\/www.europacaorle.it\/it\/biciclette-hotel-caorle\/","url":"https:\/\/www.europacaorle.it\/it\/biciclette-hotel-caorle\/","name":"Biciclette - Hotel Europa","isPartOf":{"@id":"https:\/\/www.europacaorle.it\/it\/#website"},"datePublished":"2023-02-23T15:55:39+00:00","dateModified":"2026-02-25T14:46:09+00:00","breadcrumb":{"@id":"https:\/\/www.europacaorle.it\/it\/biciclette-hotel-caorle\/#breadcrumb"},"inLanguage":"it-IT","potentialAction":[{"@type":"ReadAction","target":["https:\/\/www.europacaorle.it\/it\/biciclette-hotel-caorle\/"]}]},{"@type":"BreadcrumbList","@id":"https:\/\/www.europacaorle.it\/it\/biciclette-hotel-caorle\/#breadcrumb","itemListElement":[{"@type":"ListItem","position":1,"name":"Home","item":"https:\/\/www.europacaorle.it\/it\/"},{"@type":"ListItem","position":2,"name":"Biciclette"}]},{"@type":"WebSite","@id":"https:\/\/www.europacaorle.it\/it\/#website","url":"https:\/\/www.europacaorle.it\/it\/","name":"Hotel Europa","description":"Relax direttamente sulla spiaggia","potentialAction":[{"@type":"SearchAction","target":{"@type":"EntryPoint","urlTemplate":"https:\/\/www.europacaorle.it\/it\/?s={search_term_string}"},"query-input":{"@type":"PropertyValueSpecification","valueRequired":true,"valueName":"search_term_string"}}],"inLanguage":"it-IT"}]}},"_links":{"self":[{"href":"https:\/\/www.europacaorle.it\/it\/wp-json\/wp\/v2\/pages\/76","targetHints":{"allow":["GET"]}}],"collection":[{"href":"https:\/\/www.europacaorle.it\/it\/wp-json\/wp\/v2\/pages"}],"about":[{"href":"https:\/\/www.europacaorle.it\/it\/wp-json\/wp\/v2\/types\/page"}],"author":[{"embeddable":true,"href":"https:\/\/www.europacaorle.it\/it\/wp-json\/wp\/v2\/users\/1"}],"replies":[{"embeddable":true,"href":"https:\/\/www.europacaorle.it\/it\/wp-json\/wp\/v2\/comments?post=76"}],"version-history":[{"count":7,"href":"https:\/\/www.europacaorle.it\/it\/wp-json\/wp\/v2\/pages\/76\/revisions"}],"predecessor-version":[{"id":2825,"href":"https:\/\/www.europacaorle.it\/it\/wp-json\/wp\/v2\/pages\/76\/revisions\/2825"}],"wp:attachment":[{"href":"https:\/\/www.europacaorle.it\/it\/wp-json\/wp\/v2\/media?parent=76"}],"curies":[{"name":"wp","href":"https:\/\/api.w.org\/{rel}","templated":true}]}}