{"id":3,"date":"2023-02-17T10:47:44","date_gmt":"2023-02-17T09:47:44","guid":{"rendered":"https:\/\/www.europacaorle.it\/?page_id=3"},"modified":"2024-12-16T09:45:29","modified_gmt":"2024-12-16T08:45:29","slug":"privacy-policy","status":"publish","type":"page","link":"https:\/\/www.europacaorle.it\/it\/privacy-policy\/","title":{"rendered":"Privacy Policy"},"content":{"rendered":"\n<p><em>Gentile Utente,<br><\/em><strong>Hotel Europa\/ Mazzarotto Giorgio,<\/strong> in qualit\u00e0 di Titolare del trattamento dei Suoi dati personali, fornisce la presente Informativa, prevista dal Regolamento Europeo (UE) 2016\/679 che disciplina la protezione delle persone fisiche con riguardo al\u00a0trattamento dei dati personali \u2013 per spiegarLe come trattiamo i Suoi dati, forniti nell\u2019ambito dell\u2019accesso, navigazione e utilizzo del sito web, e raccolti attraverso format elettronici, affinch\u00e9 Lei possa consapevolmente e liberamente esprimere il consenso al trattamento.<\/p>\n\n\n\n<p>Si precisa che la presente informativa non \u00e8 resa per altri eventuali siti consultati dall\u2019Utente tramite collegamenti ipertestuali (link) che dal sito del Titolare portano ad altri siti. Pertanto, l\u2019esistenza di un link verso un altro sito non implica approvazione o accettazione di responsabilit\u00e0 da parte del Titolare circa il contenuto del sito a cui l\u2019Utente viene rinviato, anche in relazione alla politica adottata per il trattamento dei dati personali nonch\u00e9 al suo utilizzo.<\/p>\n\n\n\n<h3 class=\"wp-block-heading\"><strong>TITOLARE DEL TRATTAMENTO E RESPONSABILI<\/strong><\/h3>\n\n\n\n<p>Titolare del Trattamento dei Suoi dati personali \u00e8<strong> Hotel Europa\/ Mazzarotto Giorgio,<\/strong> con sede legale in via A. Sommariva, 20, a Portogruaro (VE), in Italia (di seguito \u201c<strong>Titolare<\/strong>\u201d), nella veste del Legale rappresentante Giorgio Mazzarotto.<\/p>\n\n\n\n<h3 class=\"wp-block-heading\"><strong>MODALIT\u00c0 DI RACCOLTA DEI DATI PERSONALI E TIPOLOGIA DI DATI PERSONALI RACCOLTI<\/strong><\/h3>\n\n\n\n<p>I dati personali raccolti dal Titolare dipendono dalle modalit\u00e0 di utilizzo del sito web da parte dell\u2019Utente. In particolare:<\/p>\n\n\n\n<ul class=\"wp-block-list list-item\">\n<li>I dati di navigazione sono acquisiti dai sistemi informatici e dalle procedure software che regolano il funzionamento del presente sito web. Si tratta di informazioni che non sono raccolte per permettere una successiva identificazione dell\u2019utente, ma che vengono utilizzate al solo fine di ricavare informazioni statistiche anonime sull\u2019uso del sito e per controllarne il corretto funzionamento; in questa categoria di dati rientrano gli indirizzi IP o i nomi a dominio dei computer utilizzati dagli Utenti che si connettono al sito, l\u2019orario della richiesta, il metodo utilizzato nel sottoporre la richiesta al server, il codice numerico indicante lo stato della risposta fornita dal server (buon fine, errore, ecc.) ed altri parametri relativi al sistema operativo e al browser utilizzati dall\u2019utente.<\/li>\n<\/ul>\n\n\n\n<p>Questi dati potrebbero essere utilizzati dalle Autorit\u00e0 competenti per l\u2019accertamento di responsabilit\u00e0 in caso di reati informatici ai danni del sito web.<\/p>\n\n\n\n<ul class=\"wp-block-list list-item\">\n<li>Il Titolare pu\u00f2, inoltre, acquisire i dati personali dell\u2019Utente attraverso il sito qualora l\u2019Utente:<\/li>\n\n\n\n<li>intenda sottoporre il proprio curriculum vitae;<\/li>\n\n\n\n<li>desideri ricevere la newsletter;<\/li>\n\n\n\n<li>partecipi ad una programma di loyalty, ad un sondaggio, a un\u2019operazione a premi o si registri\u00a0per essere informato in merito ad iniziative commerciali e di marketing o ad eventi\u00a0organizzati da <strong>Hotel Europa\/ Mazzarotto Giorgio;<\/strong><\/li>\n\n\n\n<li>Il Titolare, pu\u00f2 acquisire dati dell\u2019Utente attraverso l\u2019utilizzo di Cookies di cui vengono fornite tutte le informazioni di utilizzo e tipologia accedendo alla pagina <a href=\"https:\/\/www.europacaorle.it\/it\/cookie\/\"><strong><u>Cookie Policy<\/u><\/strong><\/a> che fornisce anche le indicazioni per la disattivazione dei Cookies.<\/li>\n<\/ul>\n\n\n\n<p>I tipi di dati personali che il Titolare pu\u00f2 raccogliere per le finalit\u00e0 sopra indicate sono i seguenti:<\/p>\n\n\n\n<ul class=\"wp-block-list list-item\">\n<li>informazioni dell\u2019Utente, quali nome e cognome, indirizzo di residenza, numero di telefono, luogo e data di nascita, indirizzo e-mail;<\/li>\n\n\n\n<li>dati derivanti da cookies, web beacon e altre tecnologie simili.<\/li>\n<\/ul>\n\n\n\n<h3 class=\"wp-block-heading\"><strong>FINALIT\u00c0 DEL TRATTAMENTO DEI DATI PERSONALI DELL\u2019UTENTE<\/strong><\/h3>\n\n\n\n<p>Il Titolare pu\u00f2 trattare i dati personali dell\u2019Utente, previo suo consenso esplicito, per le seguenti finalit\u00e0:<\/p>\n\n\n\n<ul class=\"wp-block-list list-item\">\n<li>adempimento alla prestazione contrattuale richiesta;<\/li>\n\n\n\n<li>ricerca e selezione di personale;<\/li>\n\n\n\n<li>marketing, in particolare al fine di:<\/li>\n\n\n\n<li>tenere l\u2019Utente informato di iniziative, eventi, organizzati per specifici nuovi prodotti e servizi attraverso l\u2019invio della newsletter o di altro genere di comunicazione;<\/li>\n\n\n\n<li>invitare l\u2019Utente ad eventi, a concorsi a premi, a partecipare ad un sondaggio;<\/li>\n\n\n\n<li>inviare materiale informativo promo-pubblicitario e\/o proposte commerciali;<\/li>\n\n\n\n<li>effettuare ricerche di mercato e\/o sondaggi di opinione\/soddisfazione (anche svolti da societ\u00e0 esterne, su incarico di <strong>Hotel Europa\/ Mazzarotto Giorgio;<\/strong><\/li>\n\n\n\n<li>profilazione commerciale ossia: il Titolare potr\u00e0 trattare i suoi dati personali per analizzare o prevedere, attraverso l\u2019uso di algoritmi ed altri sistemi automatizzati, i suoi gusti e le sue abitudini e scelte di consumo, per offrirle servizi e comunicarle eventi e informazioni di settore sempre pi\u00f9 adatti ai suoi reali interessi e poter elaborare promozioni e comunicazioni commerciali personalizzate. Il medesimo trattamento di profilazione commerciale potr\u00e0 essere svolto anche da societ\u00e0 terze a tale scopo qualora lei rilasci al Titolare un consenso specifico e opzionale.<\/li>\n<\/ul>\n\n\n\n<h3 class=\"wp-block-heading\"><strong>SOGGETTI A CUI POSSONO ESSERE COMUNICATI I DATI PERSONALI DELL\u2019UTENTE. CASI DI DIFFUSIONE DEI DATI.<\/strong><\/h3>\n\n\n\n<p>I Suoi dati potranno essere comunicati a seguito di ispezioni o verifiche (qualora richiestici), a tutti gli organi ispettivi preposti a verifiche e controlli inerenti la regolarit\u00e0 degli adempimenti di legge. I Suoi dati potranno altres\u00ec essere comunicati alle societ\u00e0\/studi professionali che prestano attivit\u00e0 di assistenza, consulenza in materia contabile, amministrativa, fiscale, legale, tributaria e finanziaria. I Suoi dati verranno di prassi comunicati anche ad altri partner, al fine di darle l\u2019assistenza pi\u00f9 puntuale possibile. I soggetti citati, nominati Responsabili esterni del trattamento, trattano i Suoi dati conformemente alle prescrizioni del Reg. (UE) 679\/2016.<\/p>\n\n\n\n<h3 class=\"wp-block-heading\"><strong>MODALIT\u00c0 DEL TRATTAMENTO E TEMPO DI CONSERVAZIONE DEI DATI<\/strong><\/h3>\n\n\n\n<p>Il trattamento viene effettuato con l\u2019ausilio di strumenti elettronici e, in alcuni casi, di supporti cartacei, secondo principi di correttezza, liceit\u00e0, trasparenza, con logiche strettamente correlate alle finalit\u00e0 indicate in precedenza e idonee a salvaguardare la riservatezza dei dati da tutelare e i diritti dell\u2019Interessato nel rispetto di quanto previsto dalla vigente normativa. Per proteggere i dati da distruzione o perdita, anche accidentale, e contro l\u2019accesso o la divulgazione non autorizzati, sono state adottate misure di sicurezza di natura tecnica e organizzativa.<\/p>\n\n\n\n<p>Il Titolare avr\u00e0 cura di utilizzare i dati per le finalit\u00e0 indicate nella presente Informativa nel rispetto dei limiti previsti dalla legge, adottando ogni cura per evitare un utilizzo dei dati stessi a tempo indeterminato.<\/p>\n\n\n\n<h3 class=\"wp-block-heading\"><strong>NATURA DEL CONSENSO ED EVENTUALI CONSEGUENZE DEL RIFIUTO<\/strong><\/h3>\n\n\n\n<p>Tutti i dati personali da Lei forniti sono strettamente funzionali alla gestione informatica del sito e del rapporto dell\u2019Utente con <strong>Hotel Europa\/ Mazzarotto Giorgio.<\/strong><\/p>\n\n\n\n<h3 class=\"wp-block-heading\"><strong>RESPONSABILE ESTERNO DEL TRATTAMENTO<\/strong><\/h3>\n\n\n\n<p>Il Titolare del trattamento ha designato Responsabili esterni del trattamento le societ\u00e0 o enti che forniscono servizi che comportano il trattamento di dati personali per conto del Titolare. La lista aggiornata dei Responsabili \u00e8 disponibile presso il Titolare e pu\u00f2 essere richiesta al Titolare ai numeri o indirizzi di contatto.<\/p>\n\n\n\n<h3 class=\"wp-block-heading\"><strong>DIRITTI DELL\u2019INTERESSATO<\/strong><\/h3>\n\n\n\n<p>In quanto Interessato al trattamento dei dati personali che lo riguardano, Lei ha il diritto di esercitare specifici diritti, elencati di seguito:<\/p>\n\n\n\n<ul class=\"wp-block-list list-item\">\n<li>chiedere a <strong>Hotel Europa\/ Mazzarotto Giorgio<\/strong> l\u2019accesso ai suoi dati personali ed alle informazioni relative agli stessi; la rettifica dei dati inesatti o l\u2019integrazione di quelli incompleti; la cancellazione dei dati personali che La riguardano (al verificarsi di una delle condizioni indicate nell\u2019art. 17, paragrafo 1 del GDPR e nel rispetto delle eccezioni previste al paragrafo 3 dello stesso articolo); la limitazione del trattamento dei Suoi dati personali (al ricorrere di una delle ipotesi indicate nell\u2019art. 18, par.1 del GDPR);<\/li>\n\n\n\n<li>richiedere ed ottenere da <strong>Hotel Europa\/ Mazzarotto Giorgio<\/strong><em> \u2013 <\/em>nelle ipotesi in cui il trattamento \u00e8 effettuato con mezzi automatizzati \u2013 i Suoi dati personali in un formato strutturato e leggibile da dispositivo automatico, anche al fine di comunicare tali dati ad un altro Titolare del trattamento (c.d. diritto alla portabilit\u00e0 dei dati personali);<\/li>\n\n\n\n<li>opporsi in qualsiasi momento al trattamento dei Suoi dati personali al ricorrere di situazioni particolari che La riguardano;<\/li>\n\n\n\n<li>revocare il consenso in qualsiasi momento, limitatamente alle ipotesi in cui il trattamento sia basato sul Suo consenso per una o pi\u00f9 specifiche finalit\u00e0 e riguardi dati personali comuni (ad esempio data e luogo di nascita o luogo di residenza), oppure particolari categorie di dati (ad esempio dati che rivelano la Sua origine razziale, le Sue opinioni politiche, le Sue convinzioni religiose, lo stato di salute o la vita sessuale). Il trattamento basato sul consenso ed effettuato antecedentemente alla revoca dello stesso conserva, comunque, la sua liceit\u00e0;<\/li>\n\n\n\n<li>proporre reclamo a un\u2019autorit\u00e0 di controllo (Autorit\u00e0 garante per la protezione dei dati personali: <a href=\"http:\/\/www.garanteprivacy.it\">www.garanteprivacy.it<\/a>)<\/li>\n<\/ul>\n\n\n\n<p><strong>L\u2019esercizio dei diritti elencati pu\u00f2 essere da Lei esercitato scrivendo all\u2019indirizzo di posta elettronica: <\/strong><strong><a href=\"mailto:privacy.agenzialampo@lampo.it\">privacy.agenzialampo@lampo.it<\/a><\/strong><strong>.<\/strong><\/p>\n\n\n\n<p><strong>Titolare del trattamento: Hotel Europa\/ Mazzarotto Giorgio, nella veste del Legale rappresentante Giorgio Mazzarotto.<\/strong><\/p>\n\n\n\n<p><strong><em>Release_v1.0_november_2018<\/em><\/strong><\/p>\n\n\n\n<p><strong><em>La presente informativa sar\u00e0 soggetta ad aggiornamenti, <\/em>Hotel Europa\/ Mazzarotto Giorgio<em> invita pertanto gli Utenti a consultare regolarmente questa pagina.<\/em><\/strong><\/p>\n","protected":false},"excerpt":{"rendered":"<p>Gentile Utente,Hotel Europa\/ Mazzarotto Giorgio, in qualit\u00e0 di Titolare del trattamento dei Suoi dati personali, fornisce la presente Informativa, prevista dal Regolamento Europeo (UE) 2016\/679 che disciplina la protezione delle persone fisiche con riguardo al\u00a0trattamento dei dati personali \u2013 per spiegarLe come trattiamo i Suoi dati, forniti nell\u2019ambito dell\u2019accesso, navigazione e utilizzo del sito web, [&hellip;]<\/p>\n","protected":false},"author":1,"featured_media":0,"parent":0,"menu_order":27,"comment_status":"closed","ping_status":"open","template":"","meta":{"_acf_changed":false,"footnotes":""},"class_list":["post-3","page","type-page","status-publish","hentry"],"acf":[],"yoast_head":"<!-- This site is optimized with the Yoast SEO plugin v27.0 - https:\/\/yoast.com\/product\/yoast-seo-wordpress\/ -->\n<title>Privacy Policy - Hotel Europa<\/title>\n<meta name=\"robots\" content=\"index, follow, max-snippet:-1, max-image-preview:large, max-video-preview:-1\" \/>\n<link rel=\"canonical\" href=\"https:\/\/www.europacaorle.it\/it\/privacy-policy\/\" \/>\n<meta property=\"og:locale\" content=\"it_IT\" \/>\n<meta property=\"og:type\" content=\"article\" \/>\n<meta property=\"og:title\" content=\"Privacy Policy - Hotel Europa\" \/>\n<meta property=\"og:description\" content=\"Gentile Utente,Hotel Europa\/ Mazzarotto Giorgio, in qualit\u00e0 di Titolare del trattamento dei Suoi dati personali, fornisce la presente Informativa, prevista dal Regolamento Europeo (UE) 2016\/679 che disciplina la protezione delle persone fisiche con riguardo al\u00a0trattamento dei dati personali \u2013 per spiegarLe come trattiamo i Suoi dati, forniti nell\u2019ambito dell\u2019accesso, navigazione e utilizzo del sito web, [&hellip;]\" \/>\n<meta property=\"og:url\" content=\"https:\/\/www.europacaorle.it\/it\/privacy-policy\/\" \/>\n<meta property=\"og:site_name\" content=\"Hotel Europa\" \/>\n<meta property=\"article:modified_time\" content=\"2024-12-16T08:45:29+00:00\" \/>\n<meta name=\"twitter:card\" content=\"summary_large_image\" \/>\n<meta name=\"twitter:label1\" content=\"Tempo di lettura stimato\" \/>\n\t<meta name=\"twitter:data1\" content=\"8 minuti\" \/>\n<script type=\"application\/ld+json\" class=\"yoast-schema-graph\">{\"@context\":\"https:\/\/schema.org\",\"@graph\":[{\"@type\":\"WebPage\",\"@id\":\"https:\/\/www.europacaorle.it\/it\/privacy-policy\/\",\"url\":\"https:\/\/www.europacaorle.it\/it\/privacy-policy\/\",\"name\":\"Privacy Policy - Hotel Europa\",\"isPartOf\":{\"@id\":\"https:\/\/www.europacaorle.it\/it\/#website\"},\"datePublished\":\"2023-02-17T09:47:44+00:00\",\"dateModified\":\"2024-12-16T08:45:29+00:00\",\"breadcrumb\":{\"@id\":\"https:\/\/www.europacaorle.it\/it\/privacy-policy\/#breadcrumb\"},\"inLanguage\":\"it-IT\",\"potentialAction\":[{\"@type\":\"ReadAction\",\"target\":[\"https:\/\/www.europacaorle.it\/it\/privacy-policy\/\"]}]},{\"@type\":\"BreadcrumbList\",\"@id\":\"https:\/\/www.europacaorle.it\/it\/privacy-policy\/#breadcrumb\",\"itemListElement\":[{\"@type\":\"ListItem\",\"position\":1,\"name\":\"Home\",\"item\":\"https:\/\/www.europacaorle.it\/it\/\"},{\"@type\":\"ListItem\",\"position\":2,\"name\":\"Privacy Policy\"}]},{\"@type\":\"WebSite\",\"@id\":\"https:\/\/www.europacaorle.it\/it\/#website\",\"url\":\"https:\/\/www.europacaorle.it\/it\/\",\"name\":\"Hotel Europa\",\"description\":\"Relax direttamente sulla spiaggia\",\"potentialAction\":[{\"@type\":\"SearchAction\",\"target\":{\"@type\":\"EntryPoint\",\"urlTemplate\":\"https:\/\/www.europacaorle.it\/it\/?s={search_term_string}\"},\"query-input\":{\"@type\":\"PropertyValueSpecification\",\"valueRequired\":true,\"valueName\":\"search_term_string\"}}],\"inLanguage\":\"it-IT\"}]}<\/script>\n<!-- \/ Yoast SEO plugin. -->","yoast_head_json":{"title":"Privacy Policy - Hotel Europa","robots":{"index":"index","follow":"follow","max-snippet":"max-snippet:-1","max-image-preview":"max-image-preview:large","max-video-preview":"max-video-preview:-1"},"canonical":"https:\/\/www.europacaorle.it\/it\/privacy-policy\/","og_locale":"it_IT","og_type":"article","og_title":"Privacy Policy - Hotel Europa","og_description":"Gentile Utente,Hotel Europa\/ Mazzarotto Giorgio, in qualit\u00e0 di Titolare del trattamento dei Suoi dati personali, fornisce la presente Informativa, prevista dal Regolamento Europeo (UE) 2016\/679 che disciplina la protezione delle persone fisiche con riguardo al\u00a0trattamento dei dati personali \u2013 per spiegarLe come trattiamo i Suoi dati, forniti nell\u2019ambito dell\u2019accesso, navigazione e utilizzo del sito web, [&hellip;]","og_url":"https:\/\/www.europacaorle.it\/it\/privacy-policy\/","og_site_name":"Hotel Europa","article_modified_time":"2024-12-16T08:45:29+00:00","twitter_card":"summary_large_image","twitter_misc":{"Tempo di lettura stimato":"8 minuti"},"schema":{"@context":"https:\/\/schema.org","@graph":[{"@type":"WebPage","@id":"https:\/\/www.europacaorle.it\/it\/privacy-policy\/","url":"https:\/\/www.europacaorle.it\/it\/privacy-policy\/","name":"Privacy Policy - Hotel Europa","isPartOf":{"@id":"https:\/\/www.europacaorle.it\/it\/#website"},"datePublished":"2023-02-17T09:47:44+00:00","dateModified":"2024-12-16T08:45:29+00:00","breadcrumb":{"@id":"https:\/\/www.europacaorle.it\/it\/privacy-policy\/#breadcrumb"},"inLanguage":"it-IT","potentialAction":[{"@type":"ReadAction","target":["https:\/\/www.europacaorle.it\/it\/privacy-policy\/"]}]},{"@type":"BreadcrumbList","@id":"https:\/\/www.europacaorle.it\/it\/privacy-policy\/#breadcrumb","itemListElement":[{"@type":"ListItem","position":1,"name":"Home","item":"https:\/\/www.europacaorle.it\/it\/"},{"@type":"ListItem","position":2,"name":"Privacy Policy"}]},{"@type":"WebSite","@id":"https:\/\/www.europacaorle.it\/it\/#website","url":"https:\/\/www.europacaorle.it\/it\/","name":"Hotel Europa","description":"Relax direttamente sulla spiaggia","potentialAction":[{"@type":"SearchAction","target":{"@type":"EntryPoint","urlTemplate":"https:\/\/www.europacaorle.it\/it\/?s={search_term_string}"},"query-input":{"@type":"PropertyValueSpecification","valueRequired":true,"valueName":"search_term_string"}}],"inLanguage":"it-IT"}]}},"_links":{"self":[{"href":"https:\/\/www.europacaorle.it\/it\/wp-json\/wp\/v2\/pages\/3","targetHints":{"allow":["GET"]}}],"collection":[{"href":"https:\/\/www.europacaorle.it\/it\/wp-json\/wp\/v2\/pages"}],"about":[{"href":"https:\/\/www.europacaorle.it\/it\/wp-json\/wp\/v2\/types\/page"}],"author":[{"embeddable":true,"href":"https:\/\/www.europacaorle.it\/it\/wp-json\/wp\/v2\/users\/1"}],"replies":[{"embeddable":true,"href":"https:\/\/www.europacaorle.it\/it\/wp-json\/wp\/v2\/comments?post=3"}],"version-history":[{"count":3,"href":"https:\/\/www.europacaorle.it\/it\/wp-json\/wp\/v2\/pages\/3\/revisions"}],"predecessor-version":[{"id":2723,"href":"https:\/\/www.europacaorle.it\/it\/wp-json\/wp\/v2\/pages\/3\/revisions\/2723"}],"wp:attachment":[{"href":"https:\/\/www.europacaorle.it\/it\/wp-json\/wp\/v2\/media?parent=3"}],"curies":[{"name":"wp","href":"https:\/\/api.w.org\/{rel}","templated":true}]}}