{"id":107,"date":"2023-02-23T17:10:58","date_gmt":"2023-02-23T16:10:58","guid":{"rendered":"https:\/\/www.europacaorle.it\/?page_id=107"},"modified":"2023-04-12T12:41:41","modified_gmt":"2023-04-12T10:41:41","slug":"condizioni-d-uso","status":"publish","type":"page","link":"https:\/\/www.europacaorle.it\/it\/condizioni-d-uso\/","title":{"rendered":"Condizioni d&#8217;uso"},"content":{"rendered":"\n<h2 class=\"wp-block-heading\"><strong>AVVISO IMPORTANTE:<\/strong><\/h2>\n\n\n\n<p>Per la registrazione e la conseguente possibilit\u00e0 di utilizzare i servizi offerti sul sito Portale Hotel Europa \u00e8 necessario che l&#8217;utente accetti le seguenti Condizioni generali per l&#8217;uso del sito e che fornisca il proprio consenso relativamente al trattamento dei suoi dati personali dopo avere preso visione della informativa ai sensi del Regolamento Europeo (UE) GDPR 2016\/679.<\/p>\n\n\n\n<h3 class=\"wp-block-heading\"><strong>CONDIZIONI GENERALI PER L&#8217;USO DEL SITO<\/strong><\/h3>\n\n\n\n<p><strong>1. Propriet\u00e0, Contenuto del Sito, Copyright e Marchi Registrati<\/strong><\/p>\n\n\n\n<p>Il sito e tutti i suoi contenuti, quali marchi, logo, icone, testi, ecc., sono di esclusiva propriet\u00e0 di&nbsp; Portale Hotel Europa, (qui di seguito &#8220;Societ\u00e0&#8221;) o dei terzi che forniscono servizi alla Societ\u00e0. Essi sono protetti dalle leggi italiane e internazionali sul diritto di autore. Il software utilizzato nel sito \u00e8 di propriet\u00e0 della societ\u00e0 ed \u00e8 protetto dalle leggi internazionali sul diritto di autore. Il sito Portale Hotel Europa e tutti suoi contenuti non potranno essere, neanche parzialmente, riprodotti, distribuiti, venduti, trasferiti o modificati.<\/p>\n\n\n\n<p>Portale Hotel Europa e i nomi di prodotti, servizi, grafici e logo Portale Hotel Europa sono marchi registrati dalla Societ\u00e0. Altri prodotti, servizi, nomi di societ\u00e0 citati potrebbero essere marchi registrati dei rispettivi proprietari.<\/p>\n\n\n\n<p>Il sito Portale Hotel Europa potrebbe contenere link a siti non gestiti dalla Societ\u00e0, i quali sono forniti come semplice riferimento e per il cui contenuto la Societ\u00e0 non pu\u00f2 essere ritenuta responsabile. La Societ\u00e0 non fornisce alcuna garanzia e declina qualsiasi responsabilit\u00e0 in relazione ai medesimi. Nel caso in cui l&#8217;utente decida di consultarli lo fa a proprio rischio.<\/p>\n\n\n\n<p><strong>2. Uso del sito Portale Hotel Europa<\/strong><\/p>\n\n\n\n<p>Il sito Portale Hotel Europa non potr\u00e0 essere utilizzato in alcun modo per l\u2019invio di materiale pornografico, o che in ogni caso offenda il senso del comune pudore, o, pi\u00f9 in generale, per finalit\u00e0 illecite.<\/p>\n\n\n\n<p>E&#8217; vietata la riproduzione, la modifica, la duplicazione, la copia, la distribuzione, la vendita o comunque lo sfruttamento del sito per scopi commerciali. E&#8217; ammessa la possibilit\u00e0 di scaricare o stampare una copia dei materiali contenuti nel sito per uso personale e scopi non speculativi. L&#8217;uso non autorizzato del sito e del materiale contenuto nel medesimo costituisce violazione delle leggi applicabili sulla propriet\u00e0 intellettuale. L&#8217;utente si impegna a conservare tutte le indicazioni sui marchi e il diritto di autore contenute sui materiali scaricati o copiati. L&#8217;uso di questi materiali su qualsiasi altro sito web \u00e8 vietato<\/p>\n\n\n\n<p><strong>3. Et\u00e0 e responsabilit\u00e0 dell&#8217;utente<\/strong><\/p>\n\n\n\n<p>L&#8217;utente deve essere maggiorenne e dotato della capacit\u00e0 d&#8217;agire, necessaria per utilizzare il presente sito accettando le presenti Condizioni Generali e per assumersi ogni eventuale responsabilit\u00e0 derivante dall&#8217;uso del sito. L&#8217;utente che si registra \u00e8 obbligato ad indicare esclusivamente i propri dati personali e garantisce che essi siano veritieri, corretti e aggiornati. L&#8217;utente prende atto di essere responsabile per qualsiasi uso del sito da parte sua o di chi utilizzi i suoi dati personali.<\/p>\n\n\n\n<p><strong>4. Esclusione di Garanzia<\/strong><\/p>\n\n\n\n<p>Il sito Portale Hotel Europa \u00e8 fornito dalla Societ\u00e0 &#8220;cos\u00ec come \u00e8&#8221;. La Societ\u00e0 e i suoi fornitori non rilasciano alcuna garanzia circa l&#8217;operativit\u00e0 del sito, l&#8217;accuratezza, la completezza, la affidabilit\u00e0 delle informazioni, dei materiali e dei prodotti ivi contenuti. Per quanto consentito dalle leggi applicabili, la Societ\u00e0 non rilascia alcuna garanzia implicita o esplicita di commerciabilit\u00e0 e di idoneit\u00e0 ad uno scopo particolare.<\/p>\n\n\n\n<p><strong>5. Limitazione di Responsabilit\u00e0<\/strong><\/p>\n\n\n\n<p>La Societ\u00e0 non sar\u00e0 responsabile per i danni di qualsiasi genere conseguenti all&#8217;utilizzo del sito, compresi i danni diretti, indiretti, incidentali e consequenziali.<\/p>\n\n\n\n<p><strong>6. Legge Regolatrice<\/strong><\/p>\n\n\n\n<p>Alle presenti Condizioni Generali \u00e8 applicabile la legge italiana.<\/p>\n\n\n\n<p><strong>7. Modifiche alle Condizioni Generali<\/strong><\/p>\n\n\n\n<p>La Societ\u00e0 si riserva il diritto di modificare il sito e le presenti Condizioni Generali in qualsiasi momento. Delle modifiche verr\u00e0 data comunicazione nel sito Portale Hotel Europa, e, fermo restando il diritto di recesso dell&#8217;utente, questi continuer\u00e0 ad usare il sito secondo la versione modificata delle Condizioni Generali.<\/p>\n\n\n\n<p><strong>8. Condizioni Ulteriori<\/strong><\/p>\n\n\n\n<p>Ulteriori termini e condizioni diversi dalle presenti potranno applicarsi alla vendita di beni e servizi o all&#8217;uso di altre parti del sito: l&#8217;utente dichiara sin da ora di conformarsi a tali altri termini e condizioni.<\/p>\n","protected":false},"excerpt":{"rendered":"<p>AVVISO IMPORTANTE: Per la registrazione e la conseguente possibilit\u00e0 di utilizzare i servizi offerti sul sito Portale Hotel Europa \u00e8 necessario che l&#8217;utente accetti le seguenti Condizioni generali per l&#8217;uso del sito e che fornisca il proprio consenso relativamente al trattamento dei suoi dati personali dopo avere preso visione della informativa ai sensi del Regolamento [&hellip;]<\/p>\n","protected":false},"author":1,"featured_media":0,"parent":0,"menu_order":4,"comment_status":"closed","ping_status":"closed","template":"","meta":{"_acf_changed":false,"footnotes":""},"class_list":["post-107","page","type-page","status-publish","hentry"],"acf":[],"yoast_head":"<!-- This site is optimized with the Yoast SEO plugin v27.0 - https:\/\/yoast.com\/product\/yoast-seo-wordpress\/ -->\n<title>Condizioni d&#039;uso - Hotel Europa<\/title>\n<meta name=\"robots\" content=\"index, follow, max-snippet:-1, max-image-preview:large, max-video-preview:-1\" \/>\n<link rel=\"canonical\" href=\"https:\/\/www.europacaorle.it\/it\/condizioni-d-uso\/\" \/>\n<meta property=\"og:locale\" content=\"it_IT\" \/>\n<meta property=\"og:type\" content=\"article\" \/>\n<meta property=\"og:title\" content=\"Condizioni d&#039;uso - Hotel Europa\" \/>\n<meta property=\"og:description\" content=\"AVVISO IMPORTANTE: Per la registrazione e la conseguente possibilit\u00e0 di utilizzare i servizi offerti sul sito Portale Hotel Europa \u00e8 necessario che l&#8217;utente accetti le seguenti Condizioni generali per l&#8217;uso del sito e che fornisca il proprio consenso relativamente al trattamento dei suoi dati personali dopo avere preso visione della informativa ai sensi del Regolamento [&hellip;]\" \/>\n<meta property=\"og:url\" content=\"https:\/\/www.europacaorle.it\/it\/condizioni-d-uso\/\" \/>\n<meta property=\"og:site_name\" content=\"Hotel Europa\" \/>\n<meta property=\"article:modified_time\" content=\"2023-04-12T10:41:41+00:00\" \/>\n<meta name=\"twitter:card\" content=\"summary_large_image\" \/>\n<meta name=\"twitter:label1\" content=\"Tempo di lettura stimato\" \/>\n\t<meta name=\"twitter:data1\" content=\"4 minuti\" \/>\n<script type=\"application\/ld+json\" class=\"yoast-schema-graph\">{\"@context\":\"https:\/\/schema.org\",\"@graph\":[{\"@type\":\"WebPage\",\"@id\":\"https:\/\/www.europacaorle.it\/it\/condizioni-d-uso\/\",\"url\":\"https:\/\/www.europacaorle.it\/it\/condizioni-d-uso\/\",\"name\":\"Condizioni d'uso - Hotel Europa\",\"isPartOf\":{\"@id\":\"https:\/\/www.europacaorle.it\/it\/#website\"},\"datePublished\":\"2023-02-23T16:10:58+00:00\",\"dateModified\":\"2023-04-12T10:41:41+00:00\",\"breadcrumb\":{\"@id\":\"https:\/\/www.europacaorle.it\/it\/condizioni-d-uso\/#breadcrumb\"},\"inLanguage\":\"it-IT\",\"potentialAction\":[{\"@type\":\"ReadAction\",\"target\":[\"https:\/\/www.europacaorle.it\/it\/condizioni-d-uso\/\"]}]},{\"@type\":\"BreadcrumbList\",\"@id\":\"https:\/\/www.europacaorle.it\/it\/condizioni-d-uso\/#breadcrumb\",\"itemListElement\":[{\"@type\":\"ListItem\",\"position\":1,\"name\":\"Home\",\"item\":\"https:\/\/www.europacaorle.it\/it\/\"},{\"@type\":\"ListItem\",\"position\":2,\"name\":\"Condizioni d&#8217;uso\"}]},{\"@type\":\"WebSite\",\"@id\":\"https:\/\/www.europacaorle.it\/it\/#website\",\"url\":\"https:\/\/www.europacaorle.it\/it\/\",\"name\":\"Hotel Europa\",\"description\":\"Relax direttamente sulla spiaggia\",\"potentialAction\":[{\"@type\":\"SearchAction\",\"target\":{\"@type\":\"EntryPoint\",\"urlTemplate\":\"https:\/\/www.europacaorle.it\/it\/?s={search_term_string}\"},\"query-input\":{\"@type\":\"PropertyValueSpecification\",\"valueRequired\":true,\"valueName\":\"search_term_string\"}}],\"inLanguage\":\"it-IT\"}]}<\/script>\n<!-- \/ Yoast SEO plugin. -->","yoast_head_json":{"title":"Condizioni d'uso - Hotel Europa","robots":{"index":"index","follow":"follow","max-snippet":"max-snippet:-1","max-image-preview":"max-image-preview:large","max-video-preview":"max-video-preview:-1"},"canonical":"https:\/\/www.europacaorle.it\/it\/condizioni-d-uso\/","og_locale":"it_IT","og_type":"article","og_title":"Condizioni d'uso - Hotel Europa","og_description":"AVVISO IMPORTANTE: Per la registrazione e la conseguente possibilit\u00e0 di utilizzare i servizi offerti sul sito Portale Hotel Europa \u00e8 necessario che l&#8217;utente accetti le seguenti Condizioni generali per l&#8217;uso del sito e che fornisca il proprio consenso relativamente al trattamento dei suoi dati personali dopo avere preso visione della informativa ai sensi del Regolamento [&hellip;]","og_url":"https:\/\/www.europacaorle.it\/it\/condizioni-d-uso\/","og_site_name":"Hotel Europa","article_modified_time":"2023-04-12T10:41:41+00:00","twitter_card":"summary_large_image","twitter_misc":{"Tempo di lettura stimato":"4 minuti"},"schema":{"@context":"https:\/\/schema.org","@graph":[{"@type":"WebPage","@id":"https:\/\/www.europacaorle.it\/it\/condizioni-d-uso\/","url":"https:\/\/www.europacaorle.it\/it\/condizioni-d-uso\/","name":"Condizioni d'uso - Hotel Europa","isPartOf":{"@id":"https:\/\/www.europacaorle.it\/it\/#website"},"datePublished":"2023-02-23T16:10:58+00:00","dateModified":"2023-04-12T10:41:41+00:00","breadcrumb":{"@id":"https:\/\/www.europacaorle.it\/it\/condizioni-d-uso\/#breadcrumb"},"inLanguage":"it-IT","potentialAction":[{"@type":"ReadAction","target":["https:\/\/www.europacaorle.it\/it\/condizioni-d-uso\/"]}]},{"@type":"BreadcrumbList","@id":"https:\/\/www.europacaorle.it\/it\/condizioni-d-uso\/#breadcrumb","itemListElement":[{"@type":"ListItem","position":1,"name":"Home","item":"https:\/\/www.europacaorle.it\/it\/"},{"@type":"ListItem","position":2,"name":"Condizioni d&#8217;uso"}]},{"@type":"WebSite","@id":"https:\/\/www.europacaorle.it\/it\/#website","url":"https:\/\/www.europacaorle.it\/it\/","name":"Hotel Europa","description":"Relax direttamente sulla spiaggia","potentialAction":[{"@type":"SearchAction","target":{"@type":"EntryPoint","urlTemplate":"https:\/\/www.europacaorle.it\/it\/?s={search_term_string}"},"query-input":{"@type":"PropertyValueSpecification","valueRequired":true,"valueName":"search_term_string"}}],"inLanguage":"it-IT"}]}},"_links":{"self":[{"href":"https:\/\/www.europacaorle.it\/it\/wp-json\/wp\/v2\/pages\/107","targetHints":{"allow":["GET"]}}],"collection":[{"href":"https:\/\/www.europacaorle.it\/it\/wp-json\/wp\/v2\/pages"}],"about":[{"href":"https:\/\/www.europacaorle.it\/it\/wp-json\/wp\/v2\/types\/page"}],"author":[{"embeddable":true,"href":"https:\/\/www.europacaorle.it\/it\/wp-json\/wp\/v2\/users\/1"}],"replies":[{"embeddable":true,"href":"https:\/\/www.europacaorle.it\/it\/wp-json\/wp\/v2\/comments?post=107"}],"version-history":[{"count":2,"href":"https:\/\/www.europacaorle.it\/it\/wp-json\/wp\/v2\/pages\/107\/revisions"}],"predecessor-version":[{"id":1705,"href":"https:\/\/www.europacaorle.it\/it\/wp-json\/wp\/v2\/pages\/107\/revisions\/1705"}],"wp:attachment":[{"href":"https:\/\/www.europacaorle.it\/it\/wp-json\/wp\/v2\/media?parent=107"}],"curies":[{"name":"wp","href":"https:\/\/api.w.org\/{rel}","templated":true}]}}