{"id":1747,"date":"2023-02-23T17:04:04","date_gmt":"2023-02-23T16:04:04","guid":{"rendered":"https:\/\/www.europacaorle.it\/dove-siamo\/"},"modified":"2023-06-05T13:17:01","modified_gmt":"2023-06-05T11:17:01","slug":"wo-wir-sind","status":"publish","type":"page","link":"https:\/\/www.europacaorle.it\/de\/wo-wir-sind\/","title":{"rendered":"Wo Sind Wir Hotel Europa"},"content":{"rendered":"\n<h3 class=\"wp-block-heading\">Autobahnausfahrt:<\/h3>\n\n\n\n<p>L\u2019uscita autostradale pi\u00f9 vicina \u00e8 quella di S. Stino di Livenza (autostrada A4 Venezia-Trieste)<\/p>\n\n\n\n<p>Seguire le indicazioni per Caorle.<\/p>\n\n\n\n<h3 class=\"wp-block-heading\">Anreise mit dem PKW<br>GPS Koordinaten:<\/h3>\n\n\n\n<ul class=\"list-item wp-block-list\">\n<li>45.578083 N<\/li>\n\n\n\n<li>12.827758 E<\/li>\n<\/ul>\n\n\n\n<h3 class=\"wp-block-heading\">Anreise mit dem Zug &#8211; Bahnh\u00f6fe:<\/h3>\n\n\n\n<ul class=\"list-item wp-block-list\">\n<li>Portogruaro\/Caorle (28 km vom hotel)<\/li>\n\n\n\n<li>San Don\u00e0 di Piave\/Jesolo (31 km vom hotel)<\/li>\n<\/ul>\n\n\n\n<p>Von diesen Bahnh\u00f6fen k\u00f6nnen Sie mit einem Taxi oder mit einem der vielen Linienbussen Caorle-Altanea erreichen.<\/p>\n\n\n\n<h3 class=\"wp-block-heading\">Anreise mit dem Flugzeug &#8211; N\u00e4chste Flugh\u00e4fen:<\/h3>\n\n\n\n<ul class=\"list-item wp-block-list\">\n<li>Aeroporto Venezia \u201cMarco Polo\u201d VCE (57 km vom hotel)<\/li>\n\n\n\n<li>Aeroporto Treviso \u201cAntonio Canova\u201d TSF (62 km vom hotel)<\/li>\n\n\n\n<li>Aeroporto Trieste \u201cRonchi dei Legionari\u201d TRS (96 km vom hotel)<\/li>\n<\/ul>\n\n\n\n<p>Das Hotel kann von allen 3 Flugh\u00e4fen mit dem Taxi erreicht werden (kontaktieren Sie die Rezeption f\u00fcr Unterst\u00fctzung). <\/p>\n\n\n\n<p>Dar\u00fcber hinaus ist die ATVO-Buslinie von und zu den Flugh\u00e4fen Venedig und Treviso in Betrieb.<\/p>\n","protected":false},"excerpt":{"rendered":"<p>Autobahnausfahrt: L\u2019uscita autostradale pi\u00f9 vicina \u00e8 quella di S. Stino di Livenza (autostrada A4 Venezia-Trieste) Seguire le indicazioni per Caorle. Anreise mit dem PKWGPS Koordinaten: Anreise mit dem Zug &#8211; Bahnh\u00f6fe: Von diesen Bahnh\u00f6fen k\u00f6nnen Sie mit einem Taxi oder mit einem der vielen Linienbussen Caorle-Altanea erreichen. Anreise mit dem Flugzeug &#8211; N\u00e4chste Flugh\u00e4fen: Das [&hellip;]<\/p>\n","protected":false},"author":1,"featured_media":0,"parent":0,"menu_order":8,"comment_status":"closed","ping_status":"closed","template":"template-contact.php","meta":{"_acf_changed":false,"footnotes":""},"class_list":["post-1747","page","type-page","status-publish","hentry"],"acf":[],"yoast_head":"<!-- This site is optimized with the Yoast SEO plugin v27.0 - https:\/\/yoast.com\/product\/yoast-seo-wordpress\/ -->\n<title>Wo Sind Wir Hotel Europa - Hotel Europa<\/title>\n<meta name=\"robots\" content=\"index, follow, max-snippet:-1, max-image-preview:large, max-video-preview:-1\" \/>\n<link rel=\"canonical\" href=\"https:\/\/www.europacaorle.it\/de\/wo-wir-sind\/\" \/>\n<meta property=\"og:locale\" content=\"de_DE\" \/>\n<meta property=\"og:type\" content=\"article\" \/>\n<meta property=\"og:title\" content=\"Wo Sind Wir Hotel Europa - Hotel Europa\" \/>\n<meta property=\"og:description\" content=\"Autobahnausfahrt: L\u2019uscita autostradale pi\u00f9 vicina \u00e8 quella di S. Stino di Livenza (autostrada A4 Venezia-Trieste) Seguire le indicazioni per Caorle. Anreise mit dem PKWGPS Koordinaten: Anreise mit dem Zug &#8211; Bahnh\u00f6fe: Von diesen Bahnh\u00f6fen k\u00f6nnen Sie mit einem Taxi oder mit einem der vielen Linienbussen Caorle-Altanea erreichen. Anreise mit dem Flugzeug &#8211; N\u00e4chste Flugh\u00e4fen: Das [&hellip;]\" \/>\n<meta property=\"og:url\" content=\"https:\/\/www.europacaorle.it\/de\/wo-wir-sind\/\" \/>\n<meta property=\"og:site_name\" content=\"Hotel Europa\" \/>\n<meta property=\"article:modified_time\" content=\"2023-06-05T11:17:01+00:00\" \/>\n<meta name=\"twitter:card\" content=\"summary_large_image\" \/>\n<meta name=\"twitter:label1\" content=\"Gesch\u00e4tzte Lesezeit\" \/>\n\t<meta name=\"twitter:data1\" content=\"1\u00a0Minute\" \/>\n<script type=\"application\/ld+json\" class=\"yoast-schema-graph\">{\"@context\":\"https:\/\/schema.org\",\"@graph\":[{\"@type\":\"WebPage\",\"@id\":\"https:\/\/www.europacaorle.it\/de\/wo-wir-sind\/\",\"url\":\"https:\/\/www.europacaorle.it\/de\/wo-wir-sind\/\",\"name\":\"Wo Sind Wir Hotel Europa - Hotel Europa\",\"isPartOf\":{\"@id\":\"https:\/\/www.europacaorle.it\/de\/#website\"},\"datePublished\":\"2023-02-23T16:04:04+00:00\",\"dateModified\":\"2023-06-05T11:17:01+00:00\",\"breadcrumb\":{\"@id\":\"https:\/\/www.europacaorle.it\/de\/wo-wir-sind\/#breadcrumb\"},\"inLanguage\":\"de\",\"potentialAction\":[{\"@type\":\"ReadAction\",\"target\":[\"https:\/\/www.europacaorle.it\/de\/wo-wir-sind\/\"]}]},{\"@type\":\"BreadcrumbList\",\"@id\":\"https:\/\/www.europacaorle.it\/de\/wo-wir-sind\/#breadcrumb\",\"itemListElement\":[{\"@type\":\"ListItem\",\"position\":1,\"name\":\"Home\",\"item\":\"https:\/\/www.europacaorle.it\/de\/\"},{\"@type\":\"ListItem\",\"position\":2,\"name\":\"Wo Sind Wir Hotel Europa\"}]},{\"@type\":\"WebSite\",\"@id\":\"https:\/\/www.europacaorle.it\/de\/#website\",\"url\":\"https:\/\/www.europacaorle.it\/de\/\",\"name\":\"Hotel Europa\",\"description\":\"Relax direttamente sulla spiaggia\",\"potentialAction\":[{\"@type\":\"SearchAction\",\"target\":{\"@type\":\"EntryPoint\",\"urlTemplate\":\"https:\/\/www.europacaorle.it\/de\/?s={search_term_string}\"},\"query-input\":{\"@type\":\"PropertyValueSpecification\",\"valueRequired\":true,\"valueName\":\"search_term_string\"}}],\"inLanguage\":\"de\"}]}<\/script>\n<!-- \/ Yoast SEO plugin. -->","yoast_head_json":{"title":"Wo Sind Wir Hotel Europa - Hotel Europa","robots":{"index":"index","follow":"follow","max-snippet":"max-snippet:-1","max-image-preview":"max-image-preview:large","max-video-preview":"max-video-preview:-1"},"canonical":"https:\/\/www.europacaorle.it\/de\/wo-wir-sind\/","og_locale":"de_DE","og_type":"article","og_title":"Wo Sind Wir Hotel Europa - Hotel Europa","og_description":"Autobahnausfahrt: L\u2019uscita autostradale pi\u00f9 vicina \u00e8 quella di S. Stino di Livenza (autostrada A4 Venezia-Trieste) Seguire le indicazioni per Caorle. Anreise mit dem PKWGPS Koordinaten: Anreise mit dem Zug &#8211; Bahnh\u00f6fe: Von diesen Bahnh\u00f6fen k\u00f6nnen Sie mit einem Taxi oder mit einem der vielen Linienbussen Caorle-Altanea erreichen. Anreise mit dem Flugzeug &#8211; N\u00e4chste Flugh\u00e4fen: Das [&hellip;]","og_url":"https:\/\/www.europacaorle.it\/de\/wo-wir-sind\/","og_site_name":"Hotel Europa","article_modified_time":"2023-06-05T11:17:01+00:00","twitter_card":"summary_large_image","twitter_misc":{"Gesch\u00e4tzte Lesezeit":"1\u00a0Minute"},"schema":{"@context":"https:\/\/schema.org","@graph":[{"@type":"WebPage","@id":"https:\/\/www.europacaorle.it\/de\/wo-wir-sind\/","url":"https:\/\/www.europacaorle.it\/de\/wo-wir-sind\/","name":"Wo Sind Wir Hotel Europa - Hotel Europa","isPartOf":{"@id":"https:\/\/www.europacaorle.it\/de\/#website"},"datePublished":"2023-02-23T16:04:04+00:00","dateModified":"2023-06-05T11:17:01+00:00","breadcrumb":{"@id":"https:\/\/www.europacaorle.it\/de\/wo-wir-sind\/#breadcrumb"},"inLanguage":"de","potentialAction":[{"@type":"ReadAction","target":["https:\/\/www.europacaorle.it\/de\/wo-wir-sind\/"]}]},{"@type":"BreadcrumbList","@id":"https:\/\/www.europacaorle.it\/de\/wo-wir-sind\/#breadcrumb","itemListElement":[{"@type":"ListItem","position":1,"name":"Home","item":"https:\/\/www.europacaorle.it\/de\/"},{"@type":"ListItem","position":2,"name":"Wo Sind Wir Hotel Europa"}]},{"@type":"WebSite","@id":"https:\/\/www.europacaorle.it\/de\/#website","url":"https:\/\/www.europacaorle.it\/de\/","name":"Hotel Europa","description":"Relax direttamente sulla spiaggia","potentialAction":[{"@type":"SearchAction","target":{"@type":"EntryPoint","urlTemplate":"https:\/\/www.europacaorle.it\/de\/?s={search_term_string}"},"query-input":{"@type":"PropertyValueSpecification","valueRequired":true,"valueName":"search_term_string"}}],"inLanguage":"de"}]}},"_links":{"self":[{"href":"https:\/\/www.europacaorle.it\/de\/wp-json\/wp\/v2\/pages\/1747","targetHints":{"allow":["GET"]}}],"collection":[{"href":"https:\/\/www.europacaorle.it\/de\/wp-json\/wp\/v2\/pages"}],"about":[{"href":"https:\/\/www.europacaorle.it\/de\/wp-json\/wp\/v2\/types\/page"}],"author":[{"embeddable":true,"href":"https:\/\/www.europacaorle.it\/de\/wp-json\/wp\/v2\/users\/1"}],"replies":[{"embeddable":true,"href":"https:\/\/www.europacaorle.it\/de\/wp-json\/wp\/v2\/comments?post=1747"}],"version-history":[{"count":3,"href":"https:\/\/www.europacaorle.it\/de\/wp-json\/wp\/v2\/pages\/1747\/revisions"}],"predecessor-version":[{"id":2322,"href":"https:\/\/www.europacaorle.it\/de\/wp-json\/wp\/v2\/pages\/1747\/revisions\/2322"}],"wp:attachment":[{"href":"https:\/\/www.europacaorle.it\/de\/wp-json\/wp\/v2\/media?parent=1747"}],"curies":[{"name":"wp","href":"https:\/\/api.w.org\/{rel}","templated":true}]}}