{"id":1419,"date":"2023-03-31T12:51:01","date_gmt":"2023-03-31T10:51:01","guid":{"rendered":"https:\/\/www.europacaorle.it\/area-parking\/"},"modified":"2023-04-18T15:09:44","modified_gmt":"2023-04-18T13:09:44","slug":"area-parking","status":"publish","type":"page","link":"https:\/\/www.europacaorle.it\/de\/area-parking\/","title":{"rendered":"Parkplatz"},"content":{"rendered":"\n<p>Das Hotel Europa verf\u00fcgt \u00fcber einen kostenlosen Parkplatz im Freien und eine geb\u00fchrenpflichtige Tiefgarage (vorherige Buchung erforderlich).<\/p>\n","protected":false},"excerpt":{"rendered":"<p>Das Hotel Europa verf\u00fcgt \u00fcber einen kostenlosen Parkplatz im Freien und eine geb\u00fchrenpflichtige Tiefgarage (vorherige Buchung erforderlich).<\/p>\n","protected":false},"author":1,"featured_media":0,"parent":0,"menu_order":1,"comment_status":"closed","ping_status":"closed","template":"","meta":{"_acf_changed":false,"footnotes":""},"class_list":["post-1419","page","type-page","status-publish","hentry"],"acf":[],"yoast_head":"<!-- This site is optimized with the Yoast SEO plugin v27.0 - https:\/\/yoast.com\/product\/yoast-seo-wordpress\/ -->\n<title>Parkplatz - Hotel Europa<\/title>\n<meta name=\"robots\" content=\"index, follow, max-snippet:-1, max-image-preview:large, max-video-preview:-1\" \/>\n<link rel=\"canonical\" href=\"https:\/\/www.europacaorle.it\/de\/area-parking\/\" \/>\n<meta property=\"og:locale\" content=\"de_DE\" \/>\n<meta property=\"og:type\" content=\"article\" \/>\n<meta property=\"og:title\" content=\"Parkplatz - Hotel Europa\" \/>\n<meta property=\"og:description\" content=\"Das Hotel Europa verf\u00fcgt \u00fcber einen kostenlosen Parkplatz im Freien und eine geb\u00fchrenpflichtige Tiefgarage (vorherige Buchung erforderlich).\" \/>\n<meta property=\"og:url\" content=\"https:\/\/www.europacaorle.it\/de\/area-parking\/\" \/>\n<meta property=\"og:site_name\" content=\"Hotel Europa\" \/>\n<meta property=\"article:modified_time\" content=\"2023-04-18T13:09:44+00:00\" \/>\n<meta name=\"twitter:card\" content=\"summary_large_image\" \/>\n<meta name=\"twitter:label1\" content=\"Gesch\u00e4tzte Lesezeit\" \/>\n\t<meta name=\"twitter:data1\" content=\"1\u00a0Minute\" \/>\n<script type=\"application\/ld+json\" class=\"yoast-schema-graph\">{\"@context\":\"https:\/\/schema.org\",\"@graph\":[{\"@type\":\"WebPage\",\"@id\":\"https:\/\/www.europacaorle.it\/de\/area-parking\/\",\"url\":\"https:\/\/www.europacaorle.it\/de\/area-parking\/\",\"name\":\"Parkplatz - Hotel Europa\",\"isPartOf\":{\"@id\":\"https:\/\/www.europacaorle.it\/de\/#website\"},\"datePublished\":\"2023-03-31T10:51:01+00:00\",\"dateModified\":\"2023-04-18T13:09:44+00:00\",\"breadcrumb\":{\"@id\":\"https:\/\/www.europacaorle.it\/de\/area-parking\/#breadcrumb\"},\"inLanguage\":\"de\",\"potentialAction\":[{\"@type\":\"ReadAction\",\"target\":[\"https:\/\/www.europacaorle.it\/de\/area-parking\/\"]}]},{\"@type\":\"BreadcrumbList\",\"@id\":\"https:\/\/www.europacaorle.it\/de\/area-parking\/#breadcrumb\",\"itemListElement\":[{\"@type\":\"ListItem\",\"position\":1,\"name\":\"Home\",\"item\":\"https:\/\/www.europacaorle.it\/de\/\"},{\"@type\":\"ListItem\",\"position\":2,\"name\":\"Parkplatz\"}]},{\"@type\":\"WebSite\",\"@id\":\"https:\/\/www.europacaorle.it\/de\/#website\",\"url\":\"https:\/\/www.europacaorle.it\/de\/\",\"name\":\"Hotel Europa\",\"description\":\"Relax direttamente sulla spiaggia\",\"potentialAction\":[{\"@type\":\"SearchAction\",\"target\":{\"@type\":\"EntryPoint\",\"urlTemplate\":\"https:\/\/www.europacaorle.it\/de\/?s={search_term_string}\"},\"query-input\":{\"@type\":\"PropertyValueSpecification\",\"valueRequired\":true,\"valueName\":\"search_term_string\"}}],\"inLanguage\":\"de\"}]}<\/script>\n<!-- \/ Yoast SEO plugin. -->","yoast_head_json":{"title":"Parkplatz - Hotel Europa","robots":{"index":"index","follow":"follow","max-snippet":"max-snippet:-1","max-image-preview":"max-image-preview:large","max-video-preview":"max-video-preview:-1"},"canonical":"https:\/\/www.europacaorle.it\/de\/area-parking\/","og_locale":"de_DE","og_type":"article","og_title":"Parkplatz - Hotel Europa","og_description":"Das Hotel Europa verf\u00fcgt \u00fcber einen kostenlosen Parkplatz im Freien und eine geb\u00fchrenpflichtige Tiefgarage (vorherige Buchung erforderlich).","og_url":"https:\/\/www.europacaorle.it\/de\/area-parking\/","og_site_name":"Hotel Europa","article_modified_time":"2023-04-18T13:09:44+00:00","twitter_card":"summary_large_image","twitter_misc":{"Gesch\u00e4tzte Lesezeit":"1\u00a0Minute"},"schema":{"@context":"https:\/\/schema.org","@graph":[{"@type":"WebPage","@id":"https:\/\/www.europacaorle.it\/de\/area-parking\/","url":"https:\/\/www.europacaorle.it\/de\/area-parking\/","name":"Parkplatz - Hotel Europa","isPartOf":{"@id":"https:\/\/www.europacaorle.it\/de\/#website"},"datePublished":"2023-03-31T10:51:01+00:00","dateModified":"2023-04-18T13:09:44+00:00","breadcrumb":{"@id":"https:\/\/www.europacaorle.it\/de\/area-parking\/#breadcrumb"},"inLanguage":"de","potentialAction":[{"@type":"ReadAction","target":["https:\/\/www.europacaorle.it\/de\/area-parking\/"]}]},{"@type":"BreadcrumbList","@id":"https:\/\/www.europacaorle.it\/de\/area-parking\/#breadcrumb","itemListElement":[{"@type":"ListItem","position":1,"name":"Home","item":"https:\/\/www.europacaorle.it\/de\/"},{"@type":"ListItem","position":2,"name":"Parkplatz"}]},{"@type":"WebSite","@id":"https:\/\/www.europacaorle.it\/de\/#website","url":"https:\/\/www.europacaorle.it\/de\/","name":"Hotel Europa","description":"Relax direttamente sulla spiaggia","potentialAction":[{"@type":"SearchAction","target":{"@type":"EntryPoint","urlTemplate":"https:\/\/www.europacaorle.it\/de\/?s={search_term_string}"},"query-input":{"@type":"PropertyValueSpecification","valueRequired":true,"valueName":"search_term_string"}}],"inLanguage":"de"}]}},"_links":{"self":[{"href":"https:\/\/www.europacaorle.it\/de\/wp-json\/wp\/v2\/pages\/1419","targetHints":{"allow":["GET"]}}],"collection":[{"href":"https:\/\/www.europacaorle.it\/de\/wp-json\/wp\/v2\/pages"}],"about":[{"href":"https:\/\/www.europacaorle.it\/de\/wp-json\/wp\/v2\/types\/page"}],"author":[{"embeddable":true,"href":"https:\/\/www.europacaorle.it\/de\/wp-json\/wp\/v2\/users\/1"}],"replies":[{"embeddable":true,"href":"https:\/\/www.europacaorle.it\/de\/wp-json\/wp\/v2\/comments?post=1419"}],"version-history":[{"count":3,"href":"https:\/\/www.europacaorle.it\/de\/wp-json\/wp\/v2\/pages\/1419\/revisions"}],"predecessor-version":[{"id":2070,"href":"https:\/\/www.europacaorle.it\/de\/wp-json\/wp\/v2\/pages\/1419\/revisions\/2070"}],"wp:attachment":[{"href":"https:\/\/www.europacaorle.it\/de\/wp-json\/wp\/v2\/media?parent=1419"}],"curies":[{"name":"wp","href":"https:\/\/api.w.org\/{rel}","templated":true}]}}