{"id":1334,"date":"2023-02-23T17:01:42","date_gmt":"2023-02-23T16:01:42","guid":{"rendered":"https:\/\/www.europacaorle.it\/ristorante-convenzionato\/"},"modified":"2026-02-25T15:52:35","modified_gmt":"2026-02-25T14:52:35","slug":"restaurant-hotel-direkt-am-meer-caorle","status":"publish","type":"page","link":"https:\/\/www.europacaorle.it\/de\/restaurant-hotel-direkt-am-meer-caorle\/","title":{"rendered":"Vertragsrestaurant"},"content":{"rendered":"\n<p>Caorle bietet eine breit gef\u00e4cherte kulinarische Auswahl f\u00fcr jeden Geschmack und Geldbeutel.<\/p>\n\n\n\n<p>Wenn Sie lokale Spezialit\u00e4ten wie Spaghetti alla Busera mit Scampi und das klassische Fritto Misto probieren m\u00f6chten, empfehlen wir das Restaurant Panfilo und seine einladende Terrasse mit Blick auf den Weststrand Ponente. Das Restaurant ist kaum 300 Meter von unserem Hotel entfernt.<\/p>\n\n\n\n<p><strong>Bitte fragen Sie an der Rezeption nach dem Coupon.<\/strong><\/p>\n","protected":false},"excerpt":{"rendered":"<p>Caorle bietet eine breit gef\u00e4cherte kulinarische Auswahl f\u00fcr jeden Geschmack und Geldbeutel. Wenn Sie lokale Spezialit\u00e4ten wie Spaghetti alla Busera mit Scampi und das klassische Fritto Misto probieren m\u00f6chten, empfehlen wir das Restaurant Panfilo und seine einladende Terrasse mit Blick auf den Weststrand Ponente. Das Restaurant ist kaum 300 Meter von unserem Hotel entfernt. Bitte [&hellip;]<\/p>\n","protected":false},"author":1,"featured_media":0,"parent":0,"menu_order":31,"comment_status":"closed","ping_status":"closed","template":"","meta":{"_acf_changed":false,"footnotes":""},"class_list":["post-1334","page","type-page","status-publish","hentry"],"acf":[],"yoast_head":"<!-- This site is optimized with the Yoast SEO plugin v27.0 - https:\/\/yoast.com\/product\/yoast-seo-wordpress\/ -->\n<title>Panfilo: Restaurant direkt am meer Caorle - Hotel Europa<\/title>\n<meta name=\"description\" content=\"Panfilo, das Restaurant liegt direkt am Meer von Caorle.\" \/>\n<meta name=\"robots\" content=\"index, follow, max-snippet:-1, max-image-preview:large, max-video-preview:-1\" \/>\n<link rel=\"canonical\" href=\"https:\/\/www.europacaorle.it\/de\/restaurant-hotel-direkt-am-meer-caorle\/\" \/>\n<meta property=\"og:locale\" content=\"de_DE\" \/>\n<meta property=\"og:type\" content=\"article\" \/>\n<meta property=\"og:title\" content=\"Panfilo: Restaurant direkt am meer Caorle - Hotel Europa\" \/>\n<meta property=\"og:description\" content=\"Panfilo, das Restaurant liegt direkt am Meer von Caorle.\" \/>\n<meta property=\"og:url\" content=\"https:\/\/www.europacaorle.it\/de\/restaurant-hotel-direkt-am-meer-caorle\/\" \/>\n<meta property=\"og:site_name\" content=\"Hotel Europa\" \/>\n<meta property=\"article:modified_time\" content=\"2026-02-25T14:52:35+00:00\" \/>\n<meta name=\"twitter:card\" content=\"summary_large_image\" \/>\n<meta name=\"twitter:label1\" content=\"Gesch\u00e4tzte Lesezeit\" \/>\n\t<meta name=\"twitter:data1\" content=\"1\u00a0Minute\" \/>\n<script type=\"application\/ld+json\" class=\"yoast-schema-graph\">{\"@context\":\"https:\/\/schema.org\",\"@graph\":[{\"@type\":\"WebPage\",\"@id\":\"https:\/\/www.europacaorle.it\/de\/restaurant-hotel-direkt-am-meer-caorle\/\",\"url\":\"https:\/\/www.europacaorle.it\/de\/restaurant-hotel-direkt-am-meer-caorle\/\",\"name\":\"Panfilo: Restaurant direkt am meer Caorle - Hotel Europa\",\"isPartOf\":{\"@id\":\"https:\/\/www.europacaorle.it\/de\/#website\"},\"datePublished\":\"2023-02-23T16:01:42+00:00\",\"dateModified\":\"2026-02-25T14:52:35+00:00\",\"description\":\"Panfilo, das Restaurant liegt direkt am Meer von Caorle.\",\"breadcrumb\":{\"@id\":\"https:\/\/www.europacaorle.it\/de\/restaurant-hotel-direkt-am-meer-caorle\/#breadcrumb\"},\"inLanguage\":\"de\",\"potentialAction\":[{\"@type\":\"ReadAction\",\"target\":[\"https:\/\/www.europacaorle.it\/de\/restaurant-hotel-direkt-am-meer-caorle\/\"]}]},{\"@type\":\"BreadcrumbList\",\"@id\":\"https:\/\/www.europacaorle.it\/de\/restaurant-hotel-direkt-am-meer-caorle\/#breadcrumb\",\"itemListElement\":[{\"@type\":\"ListItem\",\"position\":1,\"name\":\"Home\",\"item\":\"https:\/\/www.europacaorle.it\/de\/\"},{\"@type\":\"ListItem\",\"position\":2,\"name\":\"Vertragsrestaurant\"}]},{\"@type\":\"WebSite\",\"@id\":\"https:\/\/www.europacaorle.it\/de\/#website\",\"url\":\"https:\/\/www.europacaorle.it\/de\/\",\"name\":\"Hotel Europa\",\"description\":\"Relax direttamente sulla spiaggia\",\"potentialAction\":[{\"@type\":\"SearchAction\",\"target\":{\"@type\":\"EntryPoint\",\"urlTemplate\":\"https:\/\/www.europacaorle.it\/de\/?s={search_term_string}\"},\"query-input\":{\"@type\":\"PropertyValueSpecification\",\"valueRequired\":true,\"valueName\":\"search_term_string\"}}],\"inLanguage\":\"de\"}]}<\/script>\n<!-- \/ Yoast SEO plugin. -->","yoast_head_json":{"title":"Panfilo: Restaurant direkt am meer Caorle - Hotel Europa","description":"Panfilo, das Restaurant liegt direkt am Meer von Caorle.","robots":{"index":"index","follow":"follow","max-snippet":"max-snippet:-1","max-image-preview":"max-image-preview:large","max-video-preview":"max-video-preview:-1"},"canonical":"https:\/\/www.europacaorle.it\/de\/restaurant-hotel-direkt-am-meer-caorle\/","og_locale":"de_DE","og_type":"article","og_title":"Panfilo: Restaurant direkt am meer Caorle - Hotel Europa","og_description":"Panfilo, das Restaurant liegt direkt am Meer von Caorle.","og_url":"https:\/\/www.europacaorle.it\/de\/restaurant-hotel-direkt-am-meer-caorle\/","og_site_name":"Hotel Europa","article_modified_time":"2026-02-25T14:52:35+00:00","twitter_card":"summary_large_image","twitter_misc":{"Gesch\u00e4tzte Lesezeit":"1\u00a0Minute"},"schema":{"@context":"https:\/\/schema.org","@graph":[{"@type":"WebPage","@id":"https:\/\/www.europacaorle.it\/de\/restaurant-hotel-direkt-am-meer-caorle\/","url":"https:\/\/www.europacaorle.it\/de\/restaurant-hotel-direkt-am-meer-caorle\/","name":"Panfilo: Restaurant direkt am meer Caorle - Hotel Europa","isPartOf":{"@id":"https:\/\/www.europacaorle.it\/de\/#website"},"datePublished":"2023-02-23T16:01:42+00:00","dateModified":"2026-02-25T14:52:35+00:00","description":"Panfilo, das Restaurant liegt direkt am Meer von Caorle.","breadcrumb":{"@id":"https:\/\/www.europacaorle.it\/de\/restaurant-hotel-direkt-am-meer-caorle\/#breadcrumb"},"inLanguage":"de","potentialAction":[{"@type":"ReadAction","target":["https:\/\/www.europacaorle.it\/de\/restaurant-hotel-direkt-am-meer-caorle\/"]}]},{"@type":"BreadcrumbList","@id":"https:\/\/www.europacaorle.it\/de\/restaurant-hotel-direkt-am-meer-caorle\/#breadcrumb","itemListElement":[{"@type":"ListItem","position":1,"name":"Home","item":"https:\/\/www.europacaorle.it\/de\/"},{"@type":"ListItem","position":2,"name":"Vertragsrestaurant"}]},{"@type":"WebSite","@id":"https:\/\/www.europacaorle.it\/de\/#website","url":"https:\/\/www.europacaorle.it\/de\/","name":"Hotel Europa","description":"Relax direttamente sulla spiaggia","potentialAction":[{"@type":"SearchAction","target":{"@type":"EntryPoint","urlTemplate":"https:\/\/www.europacaorle.it\/de\/?s={search_term_string}"},"query-input":{"@type":"PropertyValueSpecification","valueRequired":true,"valueName":"search_term_string"}}],"inLanguage":"de"}]}},"_links":{"self":[{"href":"https:\/\/www.europacaorle.it\/de\/wp-json\/wp\/v2\/pages\/1334","targetHints":{"allow":["GET"]}}],"collection":[{"href":"https:\/\/www.europacaorle.it\/de\/wp-json\/wp\/v2\/pages"}],"about":[{"href":"https:\/\/www.europacaorle.it\/de\/wp-json\/wp\/v2\/types\/page"}],"author":[{"embeddable":true,"href":"https:\/\/www.europacaorle.it\/de\/wp-json\/wp\/v2\/users\/1"}],"replies":[{"embeddable":true,"href":"https:\/\/www.europacaorle.it\/de\/wp-json\/wp\/v2\/comments?post=1334"}],"version-history":[{"count":4,"href":"https:\/\/www.europacaorle.it\/de\/wp-json\/wp\/v2\/pages\/1334\/revisions"}],"predecessor-version":[{"id":2831,"href":"https:\/\/www.europacaorle.it\/de\/wp-json\/wp\/v2\/pages\/1334\/revisions\/2831"}],"wp:attachment":[{"href":"https:\/\/www.europacaorle.it\/de\/wp-json\/wp\/v2\/media?parent=1334"}],"curies":[{"name":"wp","href":"https:\/\/api.w.org\/{rel}","templated":true}]}}