{"id":1308,"date":"2023-02-23T16:55:39","date_gmt":"2023-02-23T15:55:39","guid":{"rendered":"https:\/\/www.europacaorle.it\/camping-con-animazione\/"},"modified":"2026-02-25T15:47:48","modified_gmt":"2026-02-25T14:47:48","slug":"fahrradverleih-hotel","status":"publish","type":"page","link":"https:\/\/www.europacaorle.it\/de\/fahrradverleih-hotel\/","title":{"rendered":"Fahrr\u00e4der"},"content":{"rendered":"\n<p>Das Hotel Europa stellt seinen G\u00e4sten bequeme Cityr\u00e4der zur Verf\u00fcgung, die sie w\u00e4hrend ihres Aufenthalts nutzen k\u00f6nnen. Dar\u00fcber hinaus k\u00f6nnen beim Fahrradverleih, der 200 m vom Hotel entfernt ist, Fahrr\u00e4der mit Tretunterst\u00fctzung und Rikschas zu einem Sonderpreis gemietet werden.<\/p>\n\n\n\n<p>Caorle ist ideal f\u00fcr Radfahrer. Sie k\u00f6nnen die Altstadt mit ihren engen Gassen kennenlernen und zwischen verschiedenen Fahrradrouten w\u00e4hlen: auf Feld- und Radwegen, auf Deichen und landeinw\u00e4rts. Sehr empfehlenswert sind die folgenden Touren:<\/p>\n\n\n\n<p><\/p>\n","protected":false},"excerpt":{"rendered":"<p>Das Hotel Europa stellt seinen G\u00e4sten bequeme Cityr\u00e4der zur Verf\u00fcgung, die sie w\u00e4hrend ihres Aufenthalts nutzen k\u00f6nnen. Dar\u00fcber hinaus k\u00f6nnen beim Fahrradverleih, der 200 m vom Hotel entfernt ist, Fahrr\u00e4der mit Tretunterst\u00fctzung und Rikschas zu einem Sonderpreis gemietet werden. Caorle ist ideal f\u00fcr Radfahrer. Sie k\u00f6nnen die Altstadt mit ihren engen Gassen kennenlernen und zwischen [&hellip;]<\/p>\n","protected":false},"author":1,"featured_media":0,"parent":0,"menu_order":18,"comment_status":"closed","ping_status":"closed","template":"","meta":{"_acf_changed":false,"footnotes":""},"class_list":["post-1308","page","type-page","status-publish","hentry"],"acf":[],"yoast_head":"<!-- This site is optimized with the Yoast SEO plugin v27.0 - https:\/\/yoast.com\/product\/yoast-seo-wordpress\/ -->\n<title>Fahrr\u00e4der - Hotel Europa<\/title>\n<meta name=\"robots\" content=\"index, follow, max-snippet:-1, max-image-preview:large, max-video-preview:-1\" \/>\n<link rel=\"canonical\" href=\"https:\/\/www.europacaorle.it\/de\/fahrradverleih-hotel\/\" \/>\n<meta property=\"og:locale\" content=\"de_DE\" \/>\n<meta property=\"og:type\" content=\"article\" \/>\n<meta property=\"og:title\" content=\"Fahrr\u00e4der - Hotel Europa\" \/>\n<meta property=\"og:description\" content=\"Das Hotel Europa stellt seinen G\u00e4sten bequeme Cityr\u00e4der zur Verf\u00fcgung, die sie w\u00e4hrend ihres Aufenthalts nutzen k\u00f6nnen. Dar\u00fcber hinaus k\u00f6nnen beim Fahrradverleih, der 200 m vom Hotel entfernt ist, Fahrr\u00e4der mit Tretunterst\u00fctzung und Rikschas zu einem Sonderpreis gemietet werden. Caorle ist ideal f\u00fcr Radfahrer. Sie k\u00f6nnen die Altstadt mit ihren engen Gassen kennenlernen und zwischen [&hellip;]\" \/>\n<meta property=\"og:url\" content=\"https:\/\/www.europacaorle.it\/de\/fahrradverleih-hotel\/\" \/>\n<meta property=\"og:site_name\" content=\"Hotel Europa\" \/>\n<meta property=\"article:modified_time\" content=\"2026-02-25T14:47:48+00:00\" \/>\n<meta name=\"twitter:card\" content=\"summary_large_image\" \/>\n<meta name=\"twitter:label1\" content=\"Gesch\u00e4tzte Lesezeit\" \/>\n\t<meta name=\"twitter:data1\" content=\"1\u00a0Minute\" \/>\n<script type=\"application\/ld+json\" class=\"yoast-schema-graph\">{\"@context\":\"https:\/\/schema.org\",\"@graph\":[{\"@type\":\"WebPage\",\"@id\":\"https:\/\/www.europacaorle.it\/de\/fahrradverleih-hotel\/\",\"url\":\"https:\/\/www.europacaorle.it\/de\/fahrradverleih-hotel\/\",\"name\":\"Fahrr\u00e4der - Hotel Europa\",\"isPartOf\":{\"@id\":\"https:\/\/www.europacaorle.it\/de\/#website\"},\"datePublished\":\"2023-02-23T15:55:39+00:00\",\"dateModified\":\"2026-02-25T14:47:48+00:00\",\"breadcrumb\":{\"@id\":\"https:\/\/www.europacaorle.it\/de\/fahrradverleih-hotel\/#breadcrumb\"},\"inLanguage\":\"de\",\"potentialAction\":[{\"@type\":\"ReadAction\",\"target\":[\"https:\/\/www.europacaorle.it\/de\/fahrradverleih-hotel\/\"]}]},{\"@type\":\"BreadcrumbList\",\"@id\":\"https:\/\/www.europacaorle.it\/de\/fahrradverleih-hotel\/#breadcrumb\",\"itemListElement\":[{\"@type\":\"ListItem\",\"position\":1,\"name\":\"Home\",\"item\":\"https:\/\/www.europacaorle.it\/de\/\"},{\"@type\":\"ListItem\",\"position\":2,\"name\":\"Fahrr\u00e4der\"}]},{\"@type\":\"WebSite\",\"@id\":\"https:\/\/www.europacaorle.it\/de\/#website\",\"url\":\"https:\/\/www.europacaorle.it\/de\/\",\"name\":\"Hotel Europa\",\"description\":\"Relax direttamente sulla spiaggia\",\"potentialAction\":[{\"@type\":\"SearchAction\",\"target\":{\"@type\":\"EntryPoint\",\"urlTemplate\":\"https:\/\/www.europacaorle.it\/de\/?s={search_term_string}\"},\"query-input\":{\"@type\":\"PropertyValueSpecification\",\"valueRequired\":true,\"valueName\":\"search_term_string\"}}],\"inLanguage\":\"de\"}]}<\/script>\n<!-- \/ Yoast SEO plugin. -->","yoast_head_json":{"title":"Fahrr\u00e4der - Hotel Europa","robots":{"index":"index","follow":"follow","max-snippet":"max-snippet:-1","max-image-preview":"max-image-preview:large","max-video-preview":"max-video-preview:-1"},"canonical":"https:\/\/www.europacaorle.it\/de\/fahrradverleih-hotel\/","og_locale":"de_DE","og_type":"article","og_title":"Fahrr\u00e4der - Hotel Europa","og_description":"Das Hotel Europa stellt seinen G\u00e4sten bequeme Cityr\u00e4der zur Verf\u00fcgung, die sie w\u00e4hrend ihres Aufenthalts nutzen k\u00f6nnen. Dar\u00fcber hinaus k\u00f6nnen beim Fahrradverleih, der 200 m vom Hotel entfernt ist, Fahrr\u00e4der mit Tretunterst\u00fctzung und Rikschas zu einem Sonderpreis gemietet werden. Caorle ist ideal f\u00fcr Radfahrer. Sie k\u00f6nnen die Altstadt mit ihren engen Gassen kennenlernen und zwischen [&hellip;]","og_url":"https:\/\/www.europacaorle.it\/de\/fahrradverleih-hotel\/","og_site_name":"Hotel Europa","article_modified_time":"2026-02-25T14:47:48+00:00","twitter_card":"summary_large_image","twitter_misc":{"Gesch\u00e4tzte Lesezeit":"1\u00a0Minute"},"schema":{"@context":"https:\/\/schema.org","@graph":[{"@type":"WebPage","@id":"https:\/\/www.europacaorle.it\/de\/fahrradverleih-hotel\/","url":"https:\/\/www.europacaorle.it\/de\/fahrradverleih-hotel\/","name":"Fahrr\u00e4der - Hotel Europa","isPartOf":{"@id":"https:\/\/www.europacaorle.it\/de\/#website"},"datePublished":"2023-02-23T15:55:39+00:00","dateModified":"2026-02-25T14:47:48+00:00","breadcrumb":{"@id":"https:\/\/www.europacaorle.it\/de\/fahrradverleih-hotel\/#breadcrumb"},"inLanguage":"de","potentialAction":[{"@type":"ReadAction","target":["https:\/\/www.europacaorle.it\/de\/fahrradverleih-hotel\/"]}]},{"@type":"BreadcrumbList","@id":"https:\/\/www.europacaorle.it\/de\/fahrradverleih-hotel\/#breadcrumb","itemListElement":[{"@type":"ListItem","position":1,"name":"Home","item":"https:\/\/www.europacaorle.it\/de\/"},{"@type":"ListItem","position":2,"name":"Fahrr\u00e4der"}]},{"@type":"WebSite","@id":"https:\/\/www.europacaorle.it\/de\/#website","url":"https:\/\/www.europacaorle.it\/de\/","name":"Hotel Europa","description":"Relax direttamente sulla spiaggia","potentialAction":[{"@type":"SearchAction","target":{"@type":"EntryPoint","urlTemplate":"https:\/\/www.europacaorle.it\/de\/?s={search_term_string}"},"query-input":{"@type":"PropertyValueSpecification","valueRequired":true,"valueName":"search_term_string"}}],"inLanguage":"de"}]}},"_links":{"self":[{"href":"https:\/\/www.europacaorle.it\/de\/wp-json\/wp\/v2\/pages\/1308","targetHints":{"allow":["GET"]}}],"collection":[{"href":"https:\/\/www.europacaorle.it\/de\/wp-json\/wp\/v2\/pages"}],"about":[{"href":"https:\/\/www.europacaorle.it\/de\/wp-json\/wp\/v2\/types\/page"}],"author":[{"embeddable":true,"href":"https:\/\/www.europacaorle.it\/de\/wp-json\/wp\/v2\/users\/1"}],"replies":[{"embeddable":true,"href":"https:\/\/www.europacaorle.it\/de\/wp-json\/wp\/v2\/comments?post=1308"}],"version-history":[{"count":6,"href":"https:\/\/www.europacaorle.it\/de\/wp-json\/wp\/v2\/pages\/1308\/revisions"}],"predecessor-version":[{"id":2827,"href":"https:\/\/www.europacaorle.it\/de\/wp-json\/wp\/v2\/pages\/1308\/revisions\/2827"}],"wp:attachment":[{"href":"https:\/\/www.europacaorle.it\/de\/wp-json\/wp\/v2\/media?parent=1308"}],"curies":[{"name":"wp","href":"https:\/\/api.w.org\/{rel}","templated":true}]}}