{"id":1288,"date":"2023-02-23T16:56:39","date_gmt":"2023-02-23T15:56:39","guid":{"rendered":"https:\/\/www.europacaorle.it\/camping-sulla-spiaggia\/"},"modified":"2024-06-20T09:26:42","modified_gmt":"2024-06-20T07:26:42","slug":"hotel-in-caorle-direkt-am-strand-mit-pool","status":"publish","type":"page","link":"https:\/\/www.europacaorle.it\/de\/hotel-in-caorle-direkt-am-strand-mit-pool\/","title":{"rendered":"Strand"},"content":{"rendered":"\n<p>Der Strand von Caorle erstreckt sich \u00fcber 15 Kilometer, f\u00e4llt ganz allm\u00e4hlich zum Meer hin ab und zeichnet sich durch seinen feinen, goldfarbenen Sand und das kristallklare Wasser aus.<\/p>\n\n\n\n<p>Das Hotel Europa liegt direkt am Meer und hat einen direkten Zugang zum Strand in der N\u00e4he der Beachvolley-Spielfelder und des Kinderspielplatzes.<\/p>\n\n\n\n<p>Der gut f\u00fcr die G\u00e4ste ausgestattete Strand befindet sich gegen\u00fcber dem Pool des Hotels. F\u00fcr alle G\u00e4ste des Hotels ist der Strandservice mit Sonnenschirm, Liege und Liegestuhl im Preis inbegriffen.<\/p>\n\n\n\n<p>Wer den Tag mit den F\u00fc\u00dfen im Sand beginnt, sich von der Seeluft streicheln l\u00e4sst und das Rauschen der Wellen h\u00f6rt, die sich am Ufer brechen, erlebt einen unvergesslichen Urlaub.<\/p>\n\n\n\n<p><\/p>\n","protected":false},"excerpt":{"rendered":"<p>Der Strand von Caorle erstreckt sich \u00fcber 15 Kilometer, f\u00e4llt ganz allm\u00e4hlich zum Meer hin ab und zeichnet sich durch seinen feinen, goldfarbenen Sand und das kristallklare Wasser aus. Das Hotel Europa liegt direkt am Meer und hat einen direkten Zugang zum Strand in der N\u00e4he der Beachvolley-Spielfelder und des Kinderspielplatzes. Der gut f\u00fcr die [&hellip;]<\/p>\n","protected":false},"author":1,"featured_media":0,"parent":0,"menu_order":19,"comment_status":"closed","ping_status":"closed","template":"","meta":{"_acf_changed":false,"footnotes":""},"class_list":["post-1288","page","type-page","status-publish","hentry"],"acf":[],"yoast_head":"<!-- This site is optimized with the Yoast SEO plugin v27.0 - https:\/\/yoast.com\/product\/yoast-seo-wordpress\/ -->\n<title>Europa Hotel in Caorle direkt am strand mit pool - Hotel Europa<\/title>\n<meta name=\"description\" content=\"Hotel Europa in Caorle direkt am strand mit pool\" \/>\n<meta name=\"robots\" content=\"index, follow, max-snippet:-1, max-image-preview:large, max-video-preview:-1\" \/>\n<link rel=\"canonical\" href=\"https:\/\/www.europacaorle.it\/de\/hotel-in-caorle-direkt-am-strand-mit-pool\/\" \/>\n<meta property=\"og:locale\" content=\"de_DE\" \/>\n<meta property=\"og:type\" content=\"article\" \/>\n<meta property=\"og:title\" content=\"Europa Hotel in Caorle direkt am strand mit pool - Hotel Europa\" \/>\n<meta property=\"og:description\" content=\"Hotel Europa in Caorle direkt am strand mit pool\" \/>\n<meta property=\"og:url\" content=\"https:\/\/www.europacaorle.it\/de\/hotel-in-caorle-direkt-am-strand-mit-pool\/\" \/>\n<meta property=\"og:site_name\" content=\"Hotel Europa\" \/>\n<meta property=\"article:modified_time\" content=\"2024-06-20T07:26:42+00:00\" \/>\n<meta name=\"twitter:card\" content=\"summary_large_image\" \/>\n<meta name=\"twitter:label1\" content=\"Gesch\u00e4tzte Lesezeit\" \/>\n\t<meta name=\"twitter:data1\" content=\"1\u00a0Minute\" \/>\n<script type=\"application\/ld+json\" class=\"yoast-schema-graph\">{\"@context\":\"https:\/\/schema.org\",\"@graph\":[{\"@type\":\"WebPage\",\"@id\":\"https:\/\/www.europacaorle.it\/de\/hotel-in-caorle-direkt-am-strand-mit-pool\/\",\"url\":\"https:\/\/www.europacaorle.it\/de\/hotel-in-caorle-direkt-am-strand-mit-pool\/\",\"name\":\"Europa Hotel in Caorle direkt am strand mit pool - Hotel Europa\",\"isPartOf\":{\"@id\":\"https:\/\/www.europacaorle.it\/de\/#website\"},\"datePublished\":\"2023-02-23T15:56:39+00:00\",\"dateModified\":\"2024-06-20T07:26:42+00:00\",\"description\":\"Hotel Europa in Caorle direkt am strand mit pool\",\"breadcrumb\":{\"@id\":\"https:\/\/www.europacaorle.it\/de\/hotel-in-caorle-direkt-am-strand-mit-pool\/#breadcrumb\"},\"inLanguage\":\"de\",\"potentialAction\":[{\"@type\":\"ReadAction\",\"target\":[\"https:\/\/www.europacaorle.it\/de\/hotel-in-caorle-direkt-am-strand-mit-pool\/\"]}]},{\"@type\":\"BreadcrumbList\",\"@id\":\"https:\/\/www.europacaorle.it\/de\/hotel-in-caorle-direkt-am-strand-mit-pool\/#breadcrumb\",\"itemListElement\":[{\"@type\":\"ListItem\",\"position\":1,\"name\":\"Home\",\"item\":\"https:\/\/www.europacaorle.it\/de\/\"},{\"@type\":\"ListItem\",\"position\":2,\"name\":\"Strand\"}]},{\"@type\":\"WebSite\",\"@id\":\"https:\/\/www.europacaorle.it\/de\/#website\",\"url\":\"https:\/\/www.europacaorle.it\/de\/\",\"name\":\"Hotel Europa\",\"description\":\"Relax direttamente sulla spiaggia\",\"potentialAction\":[{\"@type\":\"SearchAction\",\"target\":{\"@type\":\"EntryPoint\",\"urlTemplate\":\"https:\/\/www.europacaorle.it\/de\/?s={search_term_string}\"},\"query-input\":{\"@type\":\"PropertyValueSpecification\",\"valueRequired\":true,\"valueName\":\"search_term_string\"}}],\"inLanguage\":\"de\"}]}<\/script>\n<!-- \/ Yoast SEO plugin. -->","yoast_head_json":{"title":"Europa Hotel in Caorle direkt am strand mit pool - Hotel Europa","description":"Hotel Europa in Caorle direkt am strand mit pool","robots":{"index":"index","follow":"follow","max-snippet":"max-snippet:-1","max-image-preview":"max-image-preview:large","max-video-preview":"max-video-preview:-1"},"canonical":"https:\/\/www.europacaorle.it\/de\/hotel-in-caorle-direkt-am-strand-mit-pool\/","og_locale":"de_DE","og_type":"article","og_title":"Europa Hotel in Caorle direkt am strand mit pool - Hotel Europa","og_description":"Hotel Europa in Caorle direkt am strand mit pool","og_url":"https:\/\/www.europacaorle.it\/de\/hotel-in-caorle-direkt-am-strand-mit-pool\/","og_site_name":"Hotel Europa","article_modified_time":"2024-06-20T07:26:42+00:00","twitter_card":"summary_large_image","twitter_misc":{"Gesch\u00e4tzte Lesezeit":"1\u00a0Minute"},"schema":{"@context":"https:\/\/schema.org","@graph":[{"@type":"WebPage","@id":"https:\/\/www.europacaorle.it\/de\/hotel-in-caorle-direkt-am-strand-mit-pool\/","url":"https:\/\/www.europacaorle.it\/de\/hotel-in-caorle-direkt-am-strand-mit-pool\/","name":"Europa Hotel in Caorle direkt am strand mit pool - Hotel Europa","isPartOf":{"@id":"https:\/\/www.europacaorle.it\/de\/#website"},"datePublished":"2023-02-23T15:56:39+00:00","dateModified":"2024-06-20T07:26:42+00:00","description":"Hotel Europa in Caorle direkt am strand mit pool","breadcrumb":{"@id":"https:\/\/www.europacaorle.it\/de\/hotel-in-caorle-direkt-am-strand-mit-pool\/#breadcrumb"},"inLanguage":"de","potentialAction":[{"@type":"ReadAction","target":["https:\/\/www.europacaorle.it\/de\/hotel-in-caorle-direkt-am-strand-mit-pool\/"]}]},{"@type":"BreadcrumbList","@id":"https:\/\/www.europacaorle.it\/de\/hotel-in-caorle-direkt-am-strand-mit-pool\/#breadcrumb","itemListElement":[{"@type":"ListItem","position":1,"name":"Home","item":"https:\/\/www.europacaorle.it\/de\/"},{"@type":"ListItem","position":2,"name":"Strand"}]},{"@type":"WebSite","@id":"https:\/\/www.europacaorle.it\/de\/#website","url":"https:\/\/www.europacaorle.it\/de\/","name":"Hotel Europa","description":"Relax direttamente sulla spiaggia","potentialAction":[{"@type":"SearchAction","target":{"@type":"EntryPoint","urlTemplate":"https:\/\/www.europacaorle.it\/de\/?s={search_term_string}"},"query-input":{"@type":"PropertyValueSpecification","valueRequired":true,"valueName":"search_term_string"}}],"inLanguage":"de"}]}},"_links":{"self":[{"href":"https:\/\/www.europacaorle.it\/de\/wp-json\/wp\/v2\/pages\/1288","targetHints":{"allow":["GET"]}}],"collection":[{"href":"https:\/\/www.europacaorle.it\/de\/wp-json\/wp\/v2\/pages"}],"about":[{"href":"https:\/\/www.europacaorle.it\/de\/wp-json\/wp\/v2\/types\/page"}],"author":[{"embeddable":true,"href":"https:\/\/www.europacaorle.it\/de\/wp-json\/wp\/v2\/users\/1"}],"replies":[{"embeddable":true,"href":"https:\/\/www.europacaorle.it\/de\/wp-json\/wp\/v2\/comments?post=1288"}],"version-history":[{"count":6,"href":"https:\/\/www.europacaorle.it\/de\/wp-json\/wp\/v2\/pages\/1288\/revisions"}],"predecessor-version":[{"id":2635,"href":"https:\/\/www.europacaorle.it\/de\/wp-json\/wp\/v2\/pages\/1288\/revisions\/2635"}],"wp:attachment":[{"href":"https:\/\/www.europacaorle.it\/de\/wp-json\/wp\/v2\/media?parent=1288"}],"curies":[{"name":"wp","href":"https:\/\/api.w.org\/{rel}","templated":true}]}}