{"id":1149,"date":"2023-02-23T17:01:59","date_gmt":"2023-02-23T16:01:59","guid":{"rendered":"https:\/\/www.europacaorle.it\/sala-colazioni\/"},"modified":"2023-04-18T18:30:43","modified_gmt":"2023-04-18T16:30:43","slug":"fruhstucksraum","status":"publish","type":"page","link":"https:\/\/www.europacaorle.it\/de\/fruhstucksraum\/","title":{"rendered":"Fr\u00fchst\u00fccksraum"},"content":{"rendered":"\n<p>Ein reichhaltiges Buffet erwartet Sie jeden Morgen von 7 Uhr bis 10.30 Uhr im Fr\u00fchst\u00fccksraum im Erdgeschoss. <\/p>\n\n\n\n<p>S\u00fc\u00dfe und herzhafte Gen\u00fcsse regen den morgendlichen Appetit der G\u00e4ste an: Geb\u00e4ck, Kuchen, Marmeladen und Kekse, aber auch Wurst und K\u00e4se sowie eine gro\u00dfe Auswahl an Backwaren wie Brot und Zwieback stehen zur Verf\u00fcgung. <\/p>\n\n\n\n<p>Dazu kommen Fruchts\u00e4fte, Joghurt, frisches Obst sowie Kaffee, Milch und verschiedene Tees.<\/p>\n","protected":false},"excerpt":{"rendered":"<p>Ein reichhaltiges Buffet erwartet Sie jeden Morgen von 7 Uhr bis 10.30 Uhr im Fr\u00fchst\u00fccksraum im Erdgeschoss. S\u00fc\u00dfe und herzhafte Gen\u00fcsse regen den morgendlichen Appetit der G\u00e4ste an: Geb\u00e4ck, Kuchen, Marmeladen und Kekse, aber auch Wurst und K\u00e4se sowie eine gro\u00dfe Auswahl an Backwaren wie Brot und Zwieback stehen zur Verf\u00fcgung. Dazu kommen Fruchts\u00e4fte, Joghurt, [&hellip;]<\/p>\n","protected":false},"author":1,"featured_media":0,"parent":0,"menu_order":32,"comment_status":"closed","ping_status":"closed","template":"","meta":{"_acf_changed":false,"footnotes":""},"class_list":["post-1149","page","type-page","status-publish","hentry"],"acf":[],"yoast_head":"<!-- This site is optimized with the Yoast SEO plugin v27.0 - https:\/\/yoast.com\/product\/yoast-seo-wordpress\/ -->\n<title>Fr\u00fchst\u00fccksraum - Hotel Europa<\/title>\n<meta name=\"robots\" content=\"index, follow, max-snippet:-1, max-image-preview:large, max-video-preview:-1\" \/>\n<link rel=\"canonical\" href=\"https:\/\/www.europacaorle.it\/de\/fruhstucksraum\/\" \/>\n<meta property=\"og:locale\" content=\"de_DE\" \/>\n<meta property=\"og:type\" content=\"article\" \/>\n<meta property=\"og:title\" content=\"Fr\u00fchst\u00fccksraum - Hotel Europa\" \/>\n<meta property=\"og:description\" content=\"Ein reichhaltiges Buffet erwartet Sie jeden Morgen von 7 Uhr bis 10.30 Uhr im Fr\u00fchst\u00fccksraum im Erdgeschoss. S\u00fc\u00dfe und herzhafte Gen\u00fcsse regen den morgendlichen Appetit der G\u00e4ste an: Geb\u00e4ck, Kuchen, Marmeladen und Kekse, aber auch Wurst und K\u00e4se sowie eine gro\u00dfe Auswahl an Backwaren wie Brot und Zwieback stehen zur Verf\u00fcgung. Dazu kommen Fruchts\u00e4fte, Joghurt, [&hellip;]\" \/>\n<meta property=\"og:url\" content=\"https:\/\/www.europacaorle.it\/de\/fruhstucksraum\/\" \/>\n<meta property=\"og:site_name\" content=\"Hotel Europa\" \/>\n<meta property=\"article:modified_time\" content=\"2023-04-18T16:30:43+00:00\" \/>\n<meta name=\"twitter:card\" content=\"summary_large_image\" \/>\n<meta name=\"twitter:label1\" content=\"Gesch\u00e4tzte Lesezeit\" \/>\n\t<meta name=\"twitter:data1\" content=\"1\u00a0Minute\" \/>\n<script type=\"application\/ld+json\" class=\"yoast-schema-graph\">{\"@context\":\"https:\/\/schema.org\",\"@graph\":[{\"@type\":\"WebPage\",\"@id\":\"https:\/\/www.europacaorle.it\/de\/fruhstucksraum\/\",\"url\":\"https:\/\/www.europacaorle.it\/de\/fruhstucksraum\/\",\"name\":\"Fr\u00fchst\u00fccksraum - Hotel Europa\",\"isPartOf\":{\"@id\":\"https:\/\/www.europacaorle.it\/de\/#website\"},\"datePublished\":\"2023-02-23T16:01:59+00:00\",\"dateModified\":\"2023-04-18T16:30:43+00:00\",\"breadcrumb\":{\"@id\":\"https:\/\/www.europacaorle.it\/de\/fruhstucksraum\/#breadcrumb\"},\"inLanguage\":\"de\",\"potentialAction\":[{\"@type\":\"ReadAction\",\"target\":[\"https:\/\/www.europacaorle.it\/de\/fruhstucksraum\/\"]}]},{\"@type\":\"BreadcrumbList\",\"@id\":\"https:\/\/www.europacaorle.it\/de\/fruhstucksraum\/#breadcrumb\",\"itemListElement\":[{\"@type\":\"ListItem\",\"position\":1,\"name\":\"Home\",\"item\":\"https:\/\/www.europacaorle.it\/de\/\"},{\"@type\":\"ListItem\",\"position\":2,\"name\":\"Fr\u00fchst\u00fccksraum\"}]},{\"@type\":\"WebSite\",\"@id\":\"https:\/\/www.europacaorle.it\/de\/#website\",\"url\":\"https:\/\/www.europacaorle.it\/de\/\",\"name\":\"Hotel Europa\",\"description\":\"Relax direttamente sulla spiaggia\",\"potentialAction\":[{\"@type\":\"SearchAction\",\"target\":{\"@type\":\"EntryPoint\",\"urlTemplate\":\"https:\/\/www.europacaorle.it\/de\/?s={search_term_string}\"},\"query-input\":{\"@type\":\"PropertyValueSpecification\",\"valueRequired\":true,\"valueName\":\"search_term_string\"}}],\"inLanguage\":\"de\"}]}<\/script>\n<!-- \/ Yoast SEO plugin. -->","yoast_head_json":{"title":"Fr\u00fchst\u00fccksraum - Hotel Europa","robots":{"index":"index","follow":"follow","max-snippet":"max-snippet:-1","max-image-preview":"max-image-preview:large","max-video-preview":"max-video-preview:-1"},"canonical":"https:\/\/www.europacaorle.it\/de\/fruhstucksraum\/","og_locale":"de_DE","og_type":"article","og_title":"Fr\u00fchst\u00fccksraum - Hotel Europa","og_description":"Ein reichhaltiges Buffet erwartet Sie jeden Morgen von 7 Uhr bis 10.30 Uhr im Fr\u00fchst\u00fccksraum im Erdgeschoss. S\u00fc\u00dfe und herzhafte Gen\u00fcsse regen den morgendlichen Appetit der G\u00e4ste an: Geb\u00e4ck, Kuchen, Marmeladen und Kekse, aber auch Wurst und K\u00e4se sowie eine gro\u00dfe Auswahl an Backwaren wie Brot und Zwieback stehen zur Verf\u00fcgung. Dazu kommen Fruchts\u00e4fte, Joghurt, [&hellip;]","og_url":"https:\/\/www.europacaorle.it\/de\/fruhstucksraum\/","og_site_name":"Hotel Europa","article_modified_time":"2023-04-18T16:30:43+00:00","twitter_card":"summary_large_image","twitter_misc":{"Gesch\u00e4tzte Lesezeit":"1\u00a0Minute"},"schema":{"@context":"https:\/\/schema.org","@graph":[{"@type":"WebPage","@id":"https:\/\/www.europacaorle.it\/de\/fruhstucksraum\/","url":"https:\/\/www.europacaorle.it\/de\/fruhstucksraum\/","name":"Fr\u00fchst\u00fccksraum - Hotel Europa","isPartOf":{"@id":"https:\/\/www.europacaorle.it\/de\/#website"},"datePublished":"2023-02-23T16:01:59+00:00","dateModified":"2023-04-18T16:30:43+00:00","breadcrumb":{"@id":"https:\/\/www.europacaorle.it\/de\/fruhstucksraum\/#breadcrumb"},"inLanguage":"de","potentialAction":[{"@type":"ReadAction","target":["https:\/\/www.europacaorle.it\/de\/fruhstucksraum\/"]}]},{"@type":"BreadcrumbList","@id":"https:\/\/www.europacaorle.it\/de\/fruhstucksraum\/#breadcrumb","itemListElement":[{"@type":"ListItem","position":1,"name":"Home","item":"https:\/\/www.europacaorle.it\/de\/"},{"@type":"ListItem","position":2,"name":"Fr\u00fchst\u00fccksraum"}]},{"@type":"WebSite","@id":"https:\/\/www.europacaorle.it\/de\/#website","url":"https:\/\/www.europacaorle.it\/de\/","name":"Hotel Europa","description":"Relax direttamente sulla spiaggia","potentialAction":[{"@type":"SearchAction","target":{"@type":"EntryPoint","urlTemplate":"https:\/\/www.europacaorle.it\/de\/?s={search_term_string}"},"query-input":{"@type":"PropertyValueSpecification","valueRequired":true,"valueName":"search_term_string"}}],"inLanguage":"de"}]}},"_links":{"self":[{"href":"https:\/\/www.europacaorle.it\/de\/wp-json\/wp\/v2\/pages\/1149","targetHints":{"allow":["GET"]}}],"collection":[{"href":"https:\/\/www.europacaorle.it\/de\/wp-json\/wp\/v2\/pages"}],"about":[{"href":"https:\/\/www.europacaorle.it\/de\/wp-json\/wp\/v2\/types\/page"}],"author":[{"embeddable":true,"href":"https:\/\/www.europacaorle.it\/de\/wp-json\/wp\/v2\/users\/1"}],"replies":[{"embeddable":true,"href":"https:\/\/www.europacaorle.it\/de\/wp-json\/wp\/v2\/comments?post=1149"}],"version-history":[{"count":4,"href":"https:\/\/www.europacaorle.it\/de\/wp-json\/wp\/v2\/pages\/1149\/revisions"}],"predecessor-version":[{"id":2188,"href":"https:\/\/www.europacaorle.it\/de\/wp-json\/wp\/v2\/pages\/1149\/revisions\/2188"}],"wp:attachment":[{"href":"https:\/\/www.europacaorle.it\/de\/wp-json\/wp\/v2\/media?parent=1149"}],"curies":[{"name":"wp","href":"https:\/\/api.w.org\/{rel}","templated":true}]}}