{"id":1053,"date":"2023-02-23T16:59:56","date_gmt":"2023-02-23T15:59:56","guid":{"rendered":"https:\/\/www.europacaorle.it\/family-camping-mar-adriatico\/"},"modified":"2023-04-18T18:47:36","modified_gmt":"2023-04-18T16:47:36","slug":"caorle-strandhotel","status":"publish","type":"page","link":"https:\/\/www.europacaorle.it\/de\/caorle-strandhotel\/","title":{"rendered":"Hotel am Meer"},"content":{"rendered":"\n<p>Die f\u00fcr ein familiengef\u00fchrtes Hotel typisch herzliche Aufnahme und die Professionalit\u00e4t des Personals machen das Hotel Europa zum richtigen Ort, an dem ein Urlaub mit v\u00f6lliger Gelassenheit verbracht werden kann.<\/p>\n\n\n\n<p>Unser Hotel liegt im ruhigsten und elegantesten Bereich des westlichen Strandes von Caorle, einem der sch\u00f6nsten der adriatischen K\u00fcste. Die herrliche Lage am Meer unseres Hotels erm\u00f6glicht den direkten Zutritt zum hoteleigenen Strand mit Sonnenschirmen und Liegen, die nur unseren G\u00e4sten zur Verf\u00fcgung stehen.<\/p>\n\n\n\n<p><\/p>\n","protected":false},"excerpt":{"rendered":"<p>Die f\u00fcr ein familiengef\u00fchrtes Hotel typisch herzliche Aufnahme und die Professionalit\u00e4t des Personals machen das Hotel Europa zum richtigen Ort, an dem ein Urlaub mit v\u00f6lliger Gelassenheit verbracht werden kann. Unser Hotel liegt im ruhigsten und elegantesten Bereich des westlichen Strandes von Caorle, einem der sch\u00f6nsten der adriatischen K\u00fcste. Die herrliche Lage am Meer unseres [&hellip;]<\/p>\n","protected":false},"author":1,"featured_media":0,"parent":0,"menu_order":35,"comment_status":"closed","ping_status":"closed","template":"","meta":{"_acf_changed":false,"footnotes":""},"class_list":["post-1053","page","type-page","status-publish","hentry"],"acf":[],"yoast_head":"<!-- This site is optimized with the Yoast SEO plugin v27.0 - https:\/\/yoast.com\/product\/yoast-seo-wordpress\/ -->\n<title>Hotel am Meer - Hotel Europa<\/title>\n<meta name=\"robots\" content=\"index, follow, max-snippet:-1, max-image-preview:large, max-video-preview:-1\" \/>\n<link rel=\"canonical\" href=\"https:\/\/www.europacaorle.it\/de\/caorle-strandhotel\/\" \/>\n<meta property=\"og:locale\" content=\"de_DE\" \/>\n<meta property=\"og:type\" content=\"article\" \/>\n<meta property=\"og:title\" content=\"Hotel am Meer - Hotel Europa\" \/>\n<meta property=\"og:description\" content=\"Die f\u00fcr ein familiengef\u00fchrtes Hotel typisch herzliche Aufnahme und die Professionalit\u00e4t des Personals machen das Hotel Europa zum richtigen Ort, an dem ein Urlaub mit v\u00f6lliger Gelassenheit verbracht werden kann. Unser Hotel liegt im ruhigsten und elegantesten Bereich des westlichen Strandes von Caorle, einem der sch\u00f6nsten der adriatischen K\u00fcste. Die herrliche Lage am Meer unseres [&hellip;]\" \/>\n<meta property=\"og:url\" content=\"https:\/\/www.europacaorle.it\/de\/caorle-strandhotel\/\" \/>\n<meta property=\"og:site_name\" content=\"Hotel Europa\" \/>\n<meta property=\"article:modified_time\" content=\"2023-04-18T16:47:36+00:00\" \/>\n<meta name=\"twitter:card\" content=\"summary_large_image\" \/>\n<meta name=\"twitter:label1\" content=\"Gesch\u00e4tzte Lesezeit\" \/>\n\t<meta name=\"twitter:data1\" content=\"1\u00a0Minute\" \/>\n<script type=\"application\/ld+json\" class=\"yoast-schema-graph\">{\"@context\":\"https:\/\/schema.org\",\"@graph\":[{\"@type\":\"WebPage\",\"@id\":\"https:\/\/www.europacaorle.it\/de\/caorle-strandhotel\/\",\"url\":\"https:\/\/www.europacaorle.it\/de\/caorle-strandhotel\/\",\"name\":\"Hotel am Meer - Hotel Europa\",\"isPartOf\":{\"@id\":\"https:\/\/www.europacaorle.it\/de\/#website\"},\"datePublished\":\"2023-02-23T15:59:56+00:00\",\"dateModified\":\"2023-04-18T16:47:36+00:00\",\"breadcrumb\":{\"@id\":\"https:\/\/www.europacaorle.it\/de\/caorle-strandhotel\/#breadcrumb\"},\"inLanguage\":\"de\",\"potentialAction\":[{\"@type\":\"ReadAction\",\"target\":[\"https:\/\/www.europacaorle.it\/de\/caorle-strandhotel\/\"]}]},{\"@type\":\"BreadcrumbList\",\"@id\":\"https:\/\/www.europacaorle.it\/de\/caorle-strandhotel\/#breadcrumb\",\"itemListElement\":[{\"@type\":\"ListItem\",\"position\":1,\"name\":\"Home\",\"item\":\"https:\/\/www.europacaorle.it\/de\/\"},{\"@type\":\"ListItem\",\"position\":2,\"name\":\"Hotel am Meer\"}]},{\"@type\":\"WebSite\",\"@id\":\"https:\/\/www.europacaorle.it\/de\/#website\",\"url\":\"https:\/\/www.europacaorle.it\/de\/\",\"name\":\"Hotel Europa\",\"description\":\"Relax direttamente sulla spiaggia\",\"potentialAction\":[{\"@type\":\"SearchAction\",\"target\":{\"@type\":\"EntryPoint\",\"urlTemplate\":\"https:\/\/www.europacaorle.it\/de\/?s={search_term_string}\"},\"query-input\":{\"@type\":\"PropertyValueSpecification\",\"valueRequired\":true,\"valueName\":\"search_term_string\"}}],\"inLanguage\":\"de\"}]}<\/script>\n<!-- \/ Yoast SEO plugin. -->","yoast_head_json":{"title":"Hotel am Meer - Hotel Europa","robots":{"index":"index","follow":"follow","max-snippet":"max-snippet:-1","max-image-preview":"max-image-preview:large","max-video-preview":"max-video-preview:-1"},"canonical":"https:\/\/www.europacaorle.it\/de\/caorle-strandhotel\/","og_locale":"de_DE","og_type":"article","og_title":"Hotel am Meer - Hotel Europa","og_description":"Die f\u00fcr ein familiengef\u00fchrtes Hotel typisch herzliche Aufnahme und die Professionalit\u00e4t des Personals machen das Hotel Europa zum richtigen Ort, an dem ein Urlaub mit v\u00f6lliger Gelassenheit verbracht werden kann. Unser Hotel liegt im ruhigsten und elegantesten Bereich des westlichen Strandes von Caorle, einem der sch\u00f6nsten der adriatischen K\u00fcste. Die herrliche Lage am Meer unseres [&hellip;]","og_url":"https:\/\/www.europacaorle.it\/de\/caorle-strandhotel\/","og_site_name":"Hotel Europa","article_modified_time":"2023-04-18T16:47:36+00:00","twitter_card":"summary_large_image","twitter_misc":{"Gesch\u00e4tzte Lesezeit":"1\u00a0Minute"},"schema":{"@context":"https:\/\/schema.org","@graph":[{"@type":"WebPage","@id":"https:\/\/www.europacaorle.it\/de\/caorle-strandhotel\/","url":"https:\/\/www.europacaorle.it\/de\/caorle-strandhotel\/","name":"Hotel am Meer - Hotel Europa","isPartOf":{"@id":"https:\/\/www.europacaorle.it\/de\/#website"},"datePublished":"2023-02-23T15:59:56+00:00","dateModified":"2023-04-18T16:47:36+00:00","breadcrumb":{"@id":"https:\/\/www.europacaorle.it\/de\/caorle-strandhotel\/#breadcrumb"},"inLanguage":"de","potentialAction":[{"@type":"ReadAction","target":["https:\/\/www.europacaorle.it\/de\/caorle-strandhotel\/"]}]},{"@type":"BreadcrumbList","@id":"https:\/\/www.europacaorle.it\/de\/caorle-strandhotel\/#breadcrumb","itemListElement":[{"@type":"ListItem","position":1,"name":"Home","item":"https:\/\/www.europacaorle.it\/de\/"},{"@type":"ListItem","position":2,"name":"Hotel am Meer"}]},{"@type":"WebSite","@id":"https:\/\/www.europacaorle.it\/de\/#website","url":"https:\/\/www.europacaorle.it\/de\/","name":"Hotel Europa","description":"Relax direttamente sulla spiaggia","potentialAction":[{"@type":"SearchAction","target":{"@type":"EntryPoint","urlTemplate":"https:\/\/www.europacaorle.it\/de\/?s={search_term_string}"},"query-input":{"@type":"PropertyValueSpecification","valueRequired":true,"valueName":"search_term_string"}}],"inLanguage":"de"}]}},"_links":{"self":[{"href":"https:\/\/www.europacaorle.it\/de\/wp-json\/wp\/v2\/pages\/1053","targetHints":{"allow":["GET"]}}],"collection":[{"href":"https:\/\/www.europacaorle.it\/de\/wp-json\/wp\/v2\/pages"}],"about":[{"href":"https:\/\/www.europacaorle.it\/de\/wp-json\/wp\/v2\/types\/page"}],"author":[{"embeddable":true,"href":"https:\/\/www.europacaorle.it\/de\/wp-json\/wp\/v2\/users\/1"}],"replies":[{"embeddable":true,"href":"https:\/\/www.europacaorle.it\/de\/wp-json\/wp\/v2\/comments?post=1053"}],"version-history":[{"count":4,"href":"https:\/\/www.europacaorle.it\/de\/wp-json\/wp\/v2\/pages\/1053\/revisions"}],"predecessor-version":[{"id":2202,"href":"https:\/\/www.europacaorle.it\/de\/wp-json\/wp\/v2\/pages\/1053\/revisions\/2202"}],"wp:attachment":[{"href":"https:\/\/www.europacaorle.it\/de\/wp-json\/wp\/v2\/media?parent=1053"}],"curies":[{"name":"wp","href":"https:\/\/api.w.org\/{rel}","templated":true}]}}